{"id":1466,"date":"2022-03-01T22:48:25","date_gmt":"2022-03-02T01:48:25","guid":{"rendered":"https:\/\/crp11.org.br\/?p=1466"},"modified":"2025-06-23T16:46:54","modified_gmt":"2025-06-23T19:46:54","slug":"psiu","status":"publish","type":"page","link":"https:\/\/crp11.org.br\/?page_id=1466","title":{"rendered":"PSIU"},"content":{"rendered":"\t\t<div data-elementor-type=\"wp-post\" data-elementor-id=\"1466\" class=\"elementor elementor-1466\" data-elementor-post-type=\"page\">\n\t\t\t\t\t\t<section class=\"elementor-section elementor-top-section elementor-element elementor-element-27acbef elementor-section-boxed elementor-section-height-default elementor-section-height-default\" data-id=\"27acbef\" data-element_type=\"section\">\n\t\t\t\t\t\t<div class=\"elementor-container elementor-column-gap-default\">\n\t\t\t\t\t<div class=\"elementor-column elementor-col-100 elementor-top-column elementor-element elementor-element-e661780\" data-id=\"e661780\" data-element_type=\"column\">\n\t\t\t<div class=\"elementor-widget-wrap elementor-element-populated\">\n\t\t\t\t\t\t<div class=\"elementor-element elementor-element-beb753e elementor-widget elementor-widget-heading\" data-id=\"beb753e\" data-element_type=\"widget\" data-widget_type=\"heading.default\">\n\t\t\t\t<div class=\"elementor-widget-container\">\n\t\t\t\t\t<h2 class=\"elementor-heading-title elementor-size-default\">Revista Psiu Online<\/h2>\t\t\t\t<\/div>\n\t\t\t\t<\/div>\n\t\t\t\t\t<\/div>\n\t\t<\/div>\n\t\t\t\t\t<\/div>\n\t\t<\/section>\n\t\t\t\t<section class=\"elementor-section elementor-top-section elementor-element elementor-element-c6be7d9 elementor-section-boxed elementor-section-height-default elementor-section-height-default\" data-id=\"c6be7d9\" data-element_type=\"section\">\n\t\t\t\t\t\t<div class=\"elementor-container elementor-column-gap-default\">\n\t\t\t\t\t<div class=\"elementor-column elementor-col-100 elementor-top-column elementor-element elementor-element-23f64de\" data-id=\"23f64de\" data-element_type=\"column\">\n\t\t\t<div class=\"elementor-widget-wrap elementor-element-populated\">\n\t\t\t\t\t\t<div class=\"elementor-element elementor-element-c8cf3d7 elementor-widget elementor-widget-toggle\" data-id=\"c8cf3d7\" data-element_type=\"widget\" data-widget_type=\"toggle.default\">\n\t\t\t\t<div class=\"elementor-widget-container\">\n\t\t\t\t\t\t\t<div class=\"elementor-toggle\">\n\t\t\t\t\t\t\t<div class=\"elementor-toggle-item\">\n\t\t\t\t\t<div id=\"elementor-tab-title-2101\" class=\"elementor-tab-title\" data-tab=\"1\" role=\"button\" aria-controls=\"elementor-tab-content-2101\" aria-expanded=\"false\">\n\t\t\t\t\t\t\t\t\t\t\t\t<span class=\"elementor-toggle-icon elementor-toggle-icon-left\" aria-hidden=\"true\">\n\t\t\t\t\t\t\t\t\t\t\t\t\t\t\t<span class=\"elementor-toggle-icon-closed\"><i class=\"fas fa-caret-right\"><\/i><\/span>\n\t\t\t\t\t\t\t\t<span class=\"elementor-toggle-icon-opened\"><i class=\"elementor-toggle-icon-opened fas fa-caret-up\"><\/i><\/span>\n\t\t\t\t\t\t\t\t\t\t\t\t\t<\/span>\n\t\t\t\t\t\t\t\t\t\t\t\t<a class=\"elementor-toggle-title\" tabindex=\"0\">2024<\/a>\n\t\t\t\t\t<\/div>\n\n\t\t\t\t\t<div id=\"elementor-tab-content-2101\" class=\"elementor-tab-content elementor-clearfix\" data-tab=\"1\" role=\"region\" aria-labelledby=\"elementor-tab-title-2101\"><p>Edi\u00e7\u00f5es do ano de 2024 da Revista Psiu Online<\/p><ul><li style=\"list-style-type: none;\"><ul><li><a href=\"https:\/\/drive.google.com\/file\/d\/1XSuunr3JPDJOywJSOeTUWD9mfouWcR4K\/view?usp=sharing\">Maio<\/a><\/li><\/ul><\/li><\/ul><\/div>\n\t\t\t\t<\/div>\n\t\t\t\t\t\t\t<div class=\"elementor-toggle-item\">\n\t\t\t\t\t<div id=\"elementor-tab-title-2102\" class=\"elementor-tab-title\" data-tab=\"2\" role=\"button\" aria-controls=\"elementor-tab-content-2102\" aria-expanded=\"false\">\n\t\t\t\t\t\t\t\t\t\t\t\t<span class=\"elementor-toggle-icon elementor-toggle-icon-left\" aria-hidden=\"true\">\n\t\t\t\t\t\t\t\t\t\t\t\t\t\t\t<span class=\"elementor-toggle-icon-closed\"><i class=\"fas fa-caret-right\"><\/i><\/span>\n\t\t\t\t\t\t\t\t<span class=\"elementor-toggle-icon-opened\"><i class=\"elementor-toggle-icon-opened fas fa-caret-up\"><\/i><\/span>\n\t\t\t\t\t\t\t\t\t\t\t\t\t<\/span>\n\t\t\t\t\t\t\t\t\t\t\t\t<a class=\"elementor-toggle-title\" tabindex=\"0\">2020<\/a>\n\t\t\t\t\t<\/div>\n\n\t\t\t\t\t<div id=\"elementor-tab-content-2102\" class=\"elementor-tab-content elementor-clearfix\" data-tab=\"2\" role=\"region\" aria-labelledby=\"elementor-tab-title-2102\"><p>Edi\u00e7\u00f5es do ano de 2020 da Revista Psiu Online<\/p><ul><li><a href=\"http:\/\/crp11.org.br\/wp-content\/uploads\/2022\/03\/psiu_online_diagramado_janeiro_2020.pdf\">Janeiro<\/a><\/li><li><a href=\"http:\/\/crp11.org.br\/wp-content\/uploads\/2022\/03\/psiu_online_diagramado_fevereiro_2020.pdf\">Fevereiro<\/a><\/li><li><a href=\"http:\/\/crp11.org.br\/wp-content\/uploads\/2022\/03\/psiu_online_diagramado_marco_2020.pdf\">Mar\u00e7o<\/a><\/li><li><a href=\"http:\/\/crp11.org.br\/wp-content\/uploads\/2022\/03\/psiu_online_diagramado_abril_2020.pdf\">Abril<\/a><\/li><li><a href=\"http:\/\/crp11.org.br\/wp-content\/uploads\/2022\/03\/psiu_online_diagramado_maio_2020.pdf\">Maio<\/a><\/li><li><a href=\"http:\/\/crp11.org.br\/wp-content\/uploads\/2022\/03\/psiu_online_diagramado_junho_2020.pdf\">Junho<\/a><\/li><\/ul><\/div>\n\t\t\t\t<\/div>\n\t\t\t\t\t\t\t<div class=\"elementor-toggle-item\">\n\t\t\t\t\t<div id=\"elementor-tab-title-2103\" class=\"elementor-tab-title\" data-tab=\"3\" role=\"button\" aria-controls=\"elementor-tab-content-2103\" aria-expanded=\"false\">\n\t\t\t\t\t\t\t\t\t\t\t\t<span class=\"elementor-toggle-icon elementor-toggle-icon-left\" aria-hidden=\"true\">\n\t\t\t\t\t\t\t\t\t\t\t\t\t\t\t<span class=\"elementor-toggle-icon-closed\"><i class=\"fas fa-caret-right\"><\/i><\/span>\n\t\t\t\t\t\t\t\t<span class=\"elementor-toggle-icon-opened\"><i class=\"elementor-toggle-icon-opened fas fa-caret-up\"><\/i><\/span>\n\t\t\t\t\t\t\t\t\t\t\t\t\t<\/span>\n\t\t\t\t\t\t\t\t\t\t\t\t<a class=\"elementor-toggle-title\" tabindex=\"0\">2019<\/a>\n\t\t\t\t\t<\/div>\n\n\t\t\t\t\t<div id=\"elementor-tab-content-2103\" class=\"elementor-tab-content elementor-clearfix\" data-tab=\"3\" role=\"region\" aria-labelledby=\"elementor-tab-title-2103\"><p>Edi\u00e7\u00f5es do ano de 2019 da Revista Psiu Online<\/p><ul><li><a href=\"http:\/\/crp11.org.br\/wp-content\/uploads\/2022\/03\/psiu_online_diagramado_jan_2019.pdf\">Janeiro<\/a><\/li><li><a href=\"http:\/\/crp11.org.br\/wp-content\/uploads\/2022\/03\/psiu_online_diagramado_fevereiro_2019_2.pdf\">Fevereiro<\/a><\/li><li><a href=\"http:\/\/crp11.org.br\/wp-content\/uploads\/2022\/03\/psiu_online_diagramado_marco_2019.pdf\">Mar\u00e7o<\/a><\/li><li>Abril<\/li><li><a href=\"http:\/\/crp11.org.br\/wp-content\/uploads\/2022\/03\/psiu_online_diagramado_maio_2019.pdf\">Maio<\/a><\/li><li><a href=\"http:\/\/crp11.org.br\/wp-content\/uploads\/2022\/03\/psiu_online_diagramado_junho_2019.pdf\">Junho<\/a><\/li><li><a href=\"http:\/\/crp11.org.br\/wp-content\/uploads\/2022\/03\/psiu_online_diagramado_julho_2019.pdf\">Julho<\/a><\/li><li>Agosto<\/li><li><a href=\"http:\/\/crp11.org.br\/wp-content\/uploads\/2022\/03\/psiu_online_diagramado_setembro_2019.pdf\">Setembro<\/a><\/li><li>Outubro<\/li><li><a href=\"http:\/\/crp11.org.br\/wp-content\/uploads\/2022\/03\/psiu_online_diagramado_novembro_2019.pdf\">Novembro<\/a><\/li><li><a href=\"http:\/\/crp11.org.br\/wp-content\/uploads\/2022\/03\/psiu_online_diagramado_dezembro_2019.pdf\">Dezembro<\/a><\/li><\/ul><\/div>\n\t\t\t\t<\/div>\n\t\t\t\t\t\t\t<div class=\"elementor-toggle-item\">\n\t\t\t\t\t<div id=\"elementor-tab-title-2104\" class=\"elementor-tab-title\" data-tab=\"4\" role=\"button\" aria-controls=\"elementor-tab-content-2104\" aria-expanded=\"false\">\n\t\t\t\t\t\t\t\t\t\t\t\t<span class=\"elementor-toggle-icon elementor-toggle-icon-left\" aria-hidden=\"true\">\n\t\t\t\t\t\t\t\t\t\t\t\t\t\t\t<span class=\"elementor-toggle-icon-closed\"><i class=\"fas fa-caret-right\"><\/i><\/span>\n\t\t\t\t\t\t\t\t<span class=\"elementor-toggle-icon-opened\"><i class=\"elementor-toggle-icon-opened fas fa-caret-up\"><\/i><\/span>\n\t\t\t\t\t\t\t\t\t\t\t\t\t<\/span>\n\t\t\t\t\t\t\t\t\t\t\t\t<a class=\"elementor-toggle-title\" tabindex=\"0\">2018<\/a>\n\t\t\t\t\t<\/div>\n\n\t\t\t\t\t<div id=\"elementor-tab-content-2104\" class=\"elementor-tab-content elementor-clearfix\" data-tab=\"4\" role=\"region\" aria-labelledby=\"elementor-tab-title-2104\"><p>Edi\u00e7\u00f5es do ano de 2018 da Revista Psiu Online<\/p><ul><li><a href=\"http:\/\/crp11.org.br\/wp-content\/uploads\/2022\/03\/psiu_online_004_janeiro_2018-2.pdf\">Janeiro<\/a><\/li><li><a href=\"http:\/\/crp11.org.br\/wp-content\/uploads\/2022\/03\/psiu_online_fevereiro_2018.pdf\">Fevereiro<\/a><\/li><li><a href=\"http:\/\/crp11.org.br\/wp-content\/uploads\/2022\/03\/psiu_online_marco_2018.pdf\">Mar\u00e7o<\/a><\/li><li><a href=\"http:\/\/crp11.org.br\/wp-content\/uploads\/2022\/03\/psiu_online_abril_2018.pdf\">Abril<\/a><\/li><li><a href=\"http:\/\/crp11.org.br\/wp-content\/uploads\/2022\/03\/psiu_online_maio_2018.pdf\">Maio<\/a><\/li><li><a href=\"http:\/\/crp11.org.br\/wp-content\/uploads\/2022\/03\/psiu_online_junho_2018.pdf\">Junho<\/a><\/li><li><a href=\"http:\/\/crp11.org.br\/wp-content\/uploads\/2022\/03\/psiu_online_julho_2018_menor_resol.pdf\">Julho<\/a><\/li><li><a href=\"http:\/\/crp11.org.br\/wp-content\/uploads\/2022\/03\/psiu_online_agosto_2018.pdf\">Agosto<\/a><\/li><li>Setembro<\/li><li><a href=\"http:\/\/crp11.org.br\/wp-content\/uploads\/2022\/03\/psiu_online_diagramado_outubro_2018.pdf\">Outubro<\/a><\/li><li>Novembro<\/li><li><a href=\"http:\/\/crp11.org.br\/wp-content\/uploads\/2022\/03\/psiu_online_diagramado_DEZEMBRO_2018.pdf\">Dezembro<\/a><\/li><\/ul><\/div>\n\t\t\t\t<\/div>\n\t\t\t\t\t\t\t<div class=\"elementor-toggle-item\">\n\t\t\t\t\t<div id=\"elementor-tab-title-2105\" class=\"elementor-tab-title\" data-tab=\"5\" role=\"button\" aria-controls=\"elementor-tab-content-2105\" aria-expanded=\"false\">\n\t\t\t\t\t\t\t\t\t\t\t\t<span class=\"elementor-toggle-icon elementor-toggle-icon-left\" aria-hidden=\"true\">\n\t\t\t\t\t\t\t\t\t\t\t\t\t\t\t<span class=\"elementor-toggle-icon-closed\"><i class=\"fas fa-caret-right\"><\/i><\/span>\n\t\t\t\t\t\t\t\t<span class=\"elementor-toggle-icon-opened\"><i class=\"elementor-toggle-icon-opened fas fa-caret-up\"><\/i><\/span>\n\t\t\t\t\t\t\t\t\t\t\t\t\t<\/span>\n\t\t\t\t\t\t\t\t\t\t\t\t<a class=\"elementor-toggle-title\" tabindex=\"0\">2017<\/a>\n\t\t\t\t\t<\/div>\n\n\t\t\t\t\t<div id=\"elementor-tab-content-2105\" class=\"elementor-tab-content elementor-clearfix\" data-tab=\"5\" role=\"region\" aria-labelledby=\"elementor-tab-title-2105\"><p>Edi\u00e7\u00f5es do ano de 2017 da Revista Psiu Online<\/p><ul><li><a href=\"http:\/\/crp11.org.br\/wp-content\/uploads\/2022\/03\/psiu_online_diagramado_finalizado_newsletter4-spreads.pdf\">Dezembro<\/a><\/li><li><a href=\"http:\/\/crp11.org.br\/wp-content\/uploads\/2022\/03\/psiu_online_edicao_natal_24_dez-5.pdf\">Dezembro (Edi\u00e7\u00e3o de Natal)<\/a><\/li><\/ul><\/div>\n\t\t\t\t<\/div>\n\t\t\t\t\t\t\t\t<\/div>\n\t\t\t\t\t\t<\/div>\n\t\t\t\t<\/div>\n\t\t\t\t<section class=\"elementor-section elementor-inner-section elementor-element elementor-element-e176860 elementor-section-boxed elementor-section-height-default elementor-section-height-default\" data-id=\"e176860\" data-element_type=\"section\">\n\t\t\t\t\t\t<div class=\"elementor-container elementor-column-gap-default\">\n\t\t\t\t\t<div class=\"elementor-column elementor-col-50 elementor-inner-column elementor-element elementor-element-e2d91e4\" data-id=\"e2d91e4\" data-element_type=\"column\">\n\t\t\t<div class=\"elementor-widget-wrap\">\n\t\t\t\t\t\t\t<\/div>\n\t\t<\/div>\n\t\t\t\t<div class=\"elementor-column elementor-col-50 elementor-inner-column elementor-element elementor-element-c56aa38\" data-id=\"c56aa38\" data-element_type=\"column\">\n\t\t\t<div class=\"elementor-widget-wrap\">\n\t\t\t\t\t\t\t<\/div>\n\t\t<\/div>\n\t\t\t\t\t<\/div>\n\t\t<\/section>\n\t\t\t\t\t<\/div>\n\t\t<\/div>\n\t\t\t\t\t<\/div>\n\t\t<\/section>\n\t\t\t\t<\/div>\n\t\t","protected":false},"excerpt":{"rendered":"<p>Revista Psiu Online 2024 Edi\u00e7\u00f5es do ano de 2024 da Revista Psiu Online Maio 2020 Edi\u00e7\u00f5es do ano de 2020 da Revista Psiu Online Janeiro Fevereiro Mar\u00e7o Abril Maio Junho [&hellip;]<\/p>\n","protected":false},"author":1,"featured_media":0,"parent":0,"menu_order":0,"comment_status":"open","ping_status":"open","template":"elementor_header_footer","meta":{"footnotes":""},"class_list":["post-1466","page","type-page","status-publish","hentry"],"_links":{"self":[{"href":"https:\/\/crp11.org.br\/index.php?rest_route=\/wp\/v2\/pages\/1466","targetHints":{"allow":["GET"]}}],"collection":[{"href":"https:\/\/crp11.org.br\/index.php?rest_route=\/wp\/v2\/pages"}],"about":[{"href":"https:\/\/crp11.org.br\/index.php?rest_route=\/wp\/v2\/types\/page"}],"author":[{"embeddable":true,"href":"https:\/\/crp11.org.br\/index.php?rest_route=\/wp\/v2\/users\/1"}],"replies":[{"embeddable":true,"href":"https:\/\/crp11.org.br\/index.php?rest_route=%2Fwp%2Fv2%2Fcomments&post=1466"}],"version-history":[{"count":22,"href":"https:\/\/crp11.org.br\/index.php?rest_route=\/wp\/v2\/pages\/1466\/revisions"}],"predecessor-version":[{"id":5147,"href":"https:\/\/crp11.org.br\/index.php?rest_route=\/wp\/v2\/pages\/1466\/revisions\/5147"}],"wp:attachment":[{"href":"https:\/\/crp11.org.br\/index.php?rest_route=%2Fwp%2Fv2%2Fmedia&parent=1466"}],"curies":[{"name":"wp","href":"https:\/\/api.w.org\/{rel}","templated":true}]}}