{"id":188,"date":"2021-12-25T21:07:18","date_gmt":"2021-12-26T00:07:18","guid":{"rendered":"https:\/\/crp11.org.br\/?p=188"},"modified":"2026-01-15T13:14:03","modified_gmt":"2026-01-15T16:14:03","slug":"plenario-e-grupo-gestor","status":"publish","type":"page","link":"https:\/\/crp11.org.br\/?page_id=188","title":{"rendered":"Plen\u00e1rio e Grupo Gestor"},"content":{"rendered":"\t\t<div data-elementor-type=\"wp-post\" data-elementor-id=\"188\" class=\"elementor elementor-188\" data-elementor-post-type=\"page\">\n\t\t\t\t\t\t<section class=\"elementor-section elementor-top-section elementor-element elementor-element-36f31dc elementor-section-boxed elementor-section-height-default elementor-section-height-default\" data-id=\"36f31dc\" data-element_type=\"section\">\n\t\t\t\t\t\t<div class=\"elementor-container elementor-column-gap-default\">\n\t\t\t\t\t<div class=\"elementor-column elementor-col-100 elementor-top-column elementor-element elementor-element-4a0a13b\" data-id=\"4a0a13b\" data-element_type=\"column\">\n\t\t\t<div class=\"elementor-widget-wrap elementor-element-populated\">\n\t\t\t\t\t\t<div class=\"elementor-element elementor-element-5b9e5f6 elementor-widget elementor-widget-heading\" data-id=\"5b9e5f6\" data-element_type=\"widget\" data-widget_type=\"heading.default\">\n\t\t\t\t<div class=\"elementor-widget-container\">\n\t\t\t\t\t<h2 class=\"elementor-heading-title elementor-size-default\">Plen\u00e1rio<\/h2>\t\t\t\t<\/div>\n\t\t\t\t<\/div>\n\t\t\t\t<div class=\"elementor-element elementor-element-59be6a4 elementor-widget elementor-widget-text-editor\" data-id=\"59be6a4\" data-element_type=\"widget\" data-widget_type=\"text-editor.default\">\n\t\t\t\t<div class=\"elementor-widget-container\">\n\t\t\t\t\t\t\t\t\t<p><strong>Composi\u00e7\u00e3o do XI Plen\u00e1rio do Conselho Regional de Psicologia 11\u00aa Regi\u00e3o<\/strong><br \/>Jurisdi\u00e7\u00e3o: Cear\u00e1<\/p>\t\t\t\t\t\t\t\t<\/div>\n\t\t\t\t<\/div>\n\t\t\t\t\t<\/div>\n\t\t<\/div>\n\t\t\t\t\t<\/div>\n\t\t<\/section>\n\t\t\t\t<section class=\"elementor-section elementor-top-section elementor-element elementor-element-e474bf0 elementor-section-boxed elementor-section-height-default elementor-section-height-default\" data-id=\"e474bf0\" data-element_type=\"section\">\n\t\t\t\t\t\t<div class=\"elementor-container elementor-column-gap-default\">\n\t\t\t\t\t<div class=\"elementor-column elementor-col-100 elementor-top-column elementor-element elementor-element-01606c6\" data-id=\"01606c6\" data-element_type=\"column\">\n\t\t\t<div class=\"elementor-widget-wrap elementor-element-populated\">\n\t\t\t\t\t\t<div class=\"elementor-element elementor-element-5e378f7 elementor-widget elementor-widget-text-editor\" data-id=\"5e378f7\" data-element_type=\"widget\" data-widget_type=\"text-editor.default\">\n\t\t\t\t<div class=\"elementor-widget-container\">\n\t\t\t\t\t\t\t\t\t<p>\u00a0<\/p><table style=\"width: 520pt;\" border=\"0\" width=\"613\" cellspacing=\"0\" cellpadding=\"0\"><colgroup> <col style=\"mso-width-source: userset; mso-width-alt: 10313; width: 212pt;\" width=\"282\" \/> <col style=\"mso-width-source: userset; mso-width-alt: 3291; width: 100pt;\" width=\"90\" \/> <col style=\"mso-width-source: userset; mso-width-alt: 8813; width: 181pt;\" width=\"241\" \/> <\/colgroup><tbody><tr style=\"height: 15.0pt;\"><td style=\"height: 15pt; width: 212pt; text-align: center;\" width=\"282\" height=\"20\"><strong>Membros<\/strong><\/td><td style=\"width: 68pt; text-align: center;\" width=\"90\"><strong>N\u00ba CRP<\/strong><\/td><td style=\"width: 181pt; text-align: center;\" width=\"241\"><strong>Cargo<\/strong><\/td><\/tr><tr style=\"height: 15.0pt;\"><td style=\"height: 15.0pt;\" height=\"20\">Niveamara Sidrac Lima Barroso<\/td><td>CRP-11\/1112<\/td><td>C. EFETIVA &#8211; PRESIDENTA<\/td><\/tr><tr style=\"height: 15.0pt;\"><td style=\"height: 15.0pt;\" height=\"20\">Ana Kristia da Silva Martins<\/td><td>CRP-11\/6305<\/td><td>C. EFETIVO &#8211; VICE PRESIDENTA<\/td><\/tr><tr style=\"height: 15.0pt;\"><td style=\"height: 15.0pt;\" height=\"20\">Drieli Ven\u00e2ncio da Silva Sousa<\/td><td>CRP-11\/11444<\/td><td>C. EFETIVA &#8211; SECRET\u00c1RIA<\/td><\/tr><tr style=\"height: 15.0pt;\"><td style=\"height: 15.0pt;\" height=\"20\">Simone Maria Santos Lima<\/td><td>CRP-11\/3626<\/td><td>C. EFETIVA &#8211; TESOUREIRA<\/td><\/tr><tr style=\"height: 15.0pt;\"><td style=\"height: 15.0pt;\" height=\"20\">Jorge Luiz Pereira e Silva<\/td><td>CRP-11\/8046<\/td><td>C.EFETIVO<\/td><\/tr><tr style=\"height: 15.0pt;\"><td style=\"height: 15.0pt;\" height=\"20\">Juliana Maria Vieira de Holanda Magalh\u00e3es<\/td><td>CRP-11\/8192<\/td><td>C.EFETIVA<\/td><\/tr><tr style=\"height: 15.0pt;\"><td style=\"height: 15.0pt;\" height=\"20\">Elaine Maria Barbosa Cardoso<\/td><td>CRP -11\/06232<\/td><td>C.EFETIVA<\/td><\/tr><tr style=\"height: 15.0pt;\"><td style=\"height: 15.0pt;\" height=\"20\">Ivan Nogueira dos Santos J\u00fanior<\/td><td>CRP-11\/15086<\/td><td>C.EFETIVO<\/td><\/tr><tr style=\"height: 15.0pt;\"><td style=\"height: 15.0pt;\" height=\"20\">Idalicia Araujo Estrela Rodrigues<\/td><td>CRP-11\/11841<\/td><td>C.EFETIVA<\/td><\/tr><tr style=\"height: 15.0pt;\"><td style=\"height: 15.0pt;\" height=\"20\">Fernanda Candido Santos Euzebio<\/td><td>CRP-11\/3764<\/td><td>C.EFETIVA<\/td><\/tr><tr style=\"height: 15.0pt;\"><td style=\"height: 15.0pt;\" height=\"20\">Andie de Castro Lima<\/td><td>CRP-11\/15518<\/td><td>C.EFETIVA<\/td><\/tr><tr style=\"height: 15.0pt;\"><td style=\"height: 15.0pt;\" height=\"20\">Francisco Theofilo de Oliveira Gravinis<\/td><td>CRP-11\/2127<\/td><td>C.EFETIVO<\/td><\/tr><tr style=\"height: 15.0pt;\"><td style=\"height: 15.0pt;\" height=\"20\">Jos\u00e9 Maria Nogueira Neto<\/td><td>CRP-11\/10673<\/td><td>C.EFETIVO<\/td><\/tr><tr style=\"height: 15.0pt;\"><td style=\"height: 15.0pt;\" height=\"20\">Adriana de Alencar Gomes Pinheiro<\/td><td>CRP-11\/01351<\/td><td>C.EFETIVA<\/td><\/tr><tr style=\"height: 15.0pt;\"><td style=\"height: 15.0pt;\" height=\"20\">Nat\u00e1lia Tatanka<\/td><td>CRP-11\/10112<\/td><td>C.EFETIVA<\/td><\/tr><tr style=\"height: 15.0pt;\"><td style=\"height: 15.0pt;\" height=\"20\">Thyago Castro Bezerra Luna<\/td><td>CRP-11\/8153<\/td><td>C.SUPLENTE<\/td><\/tr><tr style=\"height: 15.0pt;\"><td style=\"height: 15.0pt;\" height=\"20\">Adjanilson Moreira dos Santos<\/td><td>CRP-11\/7092<\/td><td>C.SUPLENTE<\/td><\/tr><tr style=\"height: 15.0pt;\"><td style=\"height: 15.0pt;\" height=\"20\">Andreza Gon\u00e7alves Trajano<\/td><td>CRP-11\/18576<\/td><td>C.SUPLENTE<\/td><\/tr><tr style=\"height: 15.0pt;\"><td style=\"height: 15.0pt;\" height=\"20\">B\u00e1rbara Mendes Dodt Cetira<\/td><td>CRP-11\/18249<\/td><td>C.SUPLENTE<\/td><\/tr><tr style=\"height: 15.0pt;\"><td style=\"height: 15.0pt;\" height=\"20\">Evna de Oliveira Neres<\/td><td>CRP-11\/13548<\/td><td>C.SUPLENTE<\/td><\/tr><tr style=\"height: 15.0pt;\"><td style=\"height: 15.0pt;\" height=\"20\">Lorena Maria Fid\u00e9lis Ferreira<\/td><td>CRP-11\/06197<\/td><td>C.SUPLENTE<\/td><\/tr><tr style=\"height: 15.0pt;\"><td style=\"height: 15.0pt;\" height=\"20\">Luan Layzon Souza Silva<\/td><td>CRP-11\/10527<\/td><td>C.SUPLENTE<\/td><\/tr><tr style=\"height: 15.0pt;\"><td style=\"height: 15.0pt;\" height=\"20\">Luis Fernando de Souza Ben\u00edcio<\/td><td>CRP-11\/08192<\/td><td>C.SUPLENTE<\/td><\/tr><tr style=\"height: 15.0pt;\"><td style=\"height: 15.0pt;\" height=\"20\">Marcos Calixto Duarte<\/td><td>CRP-11\/14070<\/td><td>C.SUPLENTE<\/td><\/tr><tr style=\"height: 15.0pt;\"><td style=\"height: 15.0pt;\" height=\"20\">Maria Sadara De Sousa Pinheiro<\/td><td>CRP-11\/16826<\/td><td>C.SUPLENTE<\/td><\/tr><tr style=\"height: 15.0pt;\"><td style=\"height: 15.0pt;\" height=\"20\">Martim de Vasconcelos Lopes<\/td><td>CRP-11\/12042<\/td><td>C.SUPLENTE<\/td><\/tr><tr style=\"height: 15.0pt;\"><td style=\"height: 15.0pt;\" height=\"20\">Nubia Dias Costa Caetano<\/td><td>CRP-11\/1123<\/td><td>C.SUPLENTE<\/td><\/tr><tr style=\"height: 15.0pt;\"><td style=\"height: 15.0pt;\" height=\"20\">Sammyra de Alencar Santana<\/td><td>CRP-11\/09779<\/td><td>C.SUPLENTE<\/td><\/tr><tr style=\"height: 15.0pt;\"><td style=\"height: 15.0pt;\" height=\"20\">Vicente Andr\u00e9 Alc\u00e2ntara Aguiar Filho<\/td><td>CRP-11\/5960<\/td><td>C.SUPLENTE<\/td><\/tr><tr style=\"height: 15.0pt;\"><td style=\"height: 15.0pt;\" height=\"20\">Eliane Clares Barbosa<\/td><td>CRP-11\/13521<\/td><td>C.SUPLENTE<\/td><\/tr><\/tbody><\/table>\t\t\t\t\t\t\t\t<\/div>\n\t\t\t\t<\/div>\n\t\t\t\t\t<\/div>\n\t\t<\/div>\n\t\t\t\t\t<\/div>\n\t\t<\/section>\n\t\t\t\t<section class=\"elementor-section elementor-top-section elementor-element elementor-element-14ea2db elementor-section-boxed elementor-section-height-default elementor-section-height-default\" data-id=\"14ea2db\" data-element_type=\"section\">\n\t\t\t\t\t\t<div class=\"elementor-container elementor-column-gap-default\">\n\t\t\t\t\t<div class=\"elementor-column elementor-col-100 elementor-top-column elementor-element elementor-element-c876438\" data-id=\"c876438\" data-element_type=\"column\">\n\t\t\t<div class=\"elementor-widget-wrap elementor-element-populated\">\n\t\t\t\t\t\t<div class=\"elementor-element elementor-element-a015bcf elementor-widget elementor-widget-text-editor\" data-id=\"a015bcf\" data-element_type=\"widget\" data-widget_type=\"text-editor.default\">\n\t\t\t\t<div class=\"elementor-widget-container\">\n\t\t\t\t\t\t\t\t\t<p>Atas Oficiais:<br \/>&#8211; <a href=\"https:\/\/crp11.org.br\/wp-content\/uploads\/2025\/09\/ATA-DE-ELEICAO-DA-DIRETORIA-12o-PLENARIO.pdf\">Ata de Elei\u00e7\u00e3o da diretoria do XII Plen\u00e1rio do CRP 11 (2025)<\/a><\/p><p>&#8211; <a href=\"https:\/\/crp11.org.br\/wp-content\/uploads\/2025\/09\/ATA-DE-POSSE-12o-PLENARIO.pdf\">Ata de Posse do XII Plen\u00e1rio do CRP-11 (2025)<\/a><\/p>\t\t\t\t\t\t\t\t<\/div>\n\t\t\t\t<\/div>\n\t\t\t\t\t<\/div>\n\t\t<\/div>\n\t\t\t\t\t<\/div>\n\t\t<\/section>\n\t\t\t\t<\/div>\n\t\t","protected":false},"excerpt":{"rendered":"<p>Plen\u00e1rio Composi\u00e7\u00e3o do XI Plen\u00e1rio do Conselho Regional de Psicologia 11\u00aa Regi\u00e3oJurisdi\u00e7\u00e3o: Cear\u00e1 \u00a0 Membros N\u00ba CRP Cargo Niveamara Sidrac Lima Barroso CRP-11\/1112 C. EFETIVA &#8211; PRESIDENTA Ana Kristia da [&hellip;]<\/p>\n","protected":false},"author":1,"featured_media":0,"parent":0,"menu_order":0,"comment_status":"closed","ping_status":"open","template":"elementor_header_footer","meta":{"footnotes":""},"class_list":["post-188","page","type-page","status-publish","hentry"],"_links":{"self":[{"href":"https:\/\/crp11.org.br\/index.php?rest_route=\/wp\/v2\/pages\/188","targetHints":{"allow":["GET"]}}],"collection":[{"href":"https:\/\/crp11.org.br\/index.php?rest_route=\/wp\/v2\/pages"}],"about":[{"href":"https:\/\/crp11.org.br\/index.php?rest_route=\/wp\/v2\/types\/page"}],"author":[{"embeddable":true,"href":"https:\/\/crp11.org.br\/index.php?rest_route=\/wp\/v2\/users\/1"}],"replies":[{"embeddable":true,"href":"https:\/\/crp11.org.br\/index.php?rest_route=%2Fwp%2Fv2%2Fcomments&post=188"}],"version-history":[{"count":127,"href":"https:\/\/crp11.org.br\/index.php?rest_route=\/wp\/v2\/pages\/188\/revisions"}],"predecessor-version":[{"id":5949,"href":"https:\/\/crp11.org.br\/index.php?rest_route=\/wp\/v2\/pages\/188\/revisions\/5949"}],"wp:attachment":[{"href":"https:\/\/crp11.org.br\/index.php?rest_route=%2Fwp%2Fv2%2Fmedia&parent=188"}],"curies":[{"name":"wp","href":"https:\/\/api.w.org\/{rel}","templated":true}]}}