{"id":205,"date":"2021-12-25T21:44:18","date_gmt":"2021-12-26T00:44:18","guid":{"rendered":"https:\/\/crp11.org.br\/?p=205"},"modified":"2025-06-23T16:41:51","modified_gmt":"2025-06-23T19:41:51","slug":"crepop","status":"publish","type":"page","link":"https:\/\/crp11.org.br\/?page_id=205","title":{"rendered":"Crepop"},"content":{"rendered":"\t\t<div data-elementor-type=\"wp-post\" data-elementor-id=\"205\" class=\"elementor elementor-205\" data-elementor-post-type=\"page\">\n\t\t\t\t\t\t<section class=\"elementor-section elementor-top-section elementor-element elementor-element-e99e88f elementor-section-boxed elementor-section-height-default elementor-section-height-default\" data-id=\"e99e88f\" data-element_type=\"section\">\n\t\t\t\t\t\t<div class=\"elementor-container elementor-column-gap-default\">\n\t\t\t\t\t<div class=\"elementor-column elementor-col-100 elementor-top-column elementor-element elementor-element-30e1be0\" data-id=\"30e1be0\" data-element_type=\"column\">\n\t\t\t<div class=\"elementor-widget-wrap elementor-element-populated\">\n\t\t\t\t\t\t<div class=\"elementor-element elementor-element-3298d64 elementor-widget elementor-widget-heading\" data-id=\"3298d64\" data-element_type=\"widget\" data-widget_type=\"heading.default\">\n\t\t\t\t<div class=\"elementor-widget-container\">\n\t\t\t\t\t<h2 class=\"elementor-heading-title elementor-size-default\">CREPOP<\/h2>\t\t\t\t<\/div>\n\t\t\t\t<\/div>\n\t\t\t\t<div class=\"elementor-element elementor-element-8a7e8aa elementor-widget elementor-widget-text-editor\" data-id=\"8a7e8aa\" data-element_type=\"widget\" data-widget_type=\"text-editor.default\">\n\t\t\t\t<div class=\"elementor-widget-container\">\n\t\t\t\t\t\t\t\t\t<p style=\"text-align: justify;\"><b>1. O que \u00e9 CREPOP?<\/b><\/p>\n<p style=\"text-align: justify;\">O Centro de Refer\u00eancias T\u00e9cnicas em Psicologia e Pol\u00edticas P\u00fablicas (CREPOP) configura-se como um centro de pesquisas e de produ\u00e7\u00e3o de material t\u00e9cnico para a promo\u00e7\u00e3o e qualifica\u00e7\u00e3o da atua\u00e7\u00e3o profissional de psic\u00f3logos que atuam em pol\u00edticas p\u00fablicas.<\/p>\n<p style=\"text-align: justify;\">Atua em rede, sendo essa formada por uma coordena\u00e7\u00e3o nacional, localizada no CFP, e por 23 unidades locais nos respectivos Conselhos Regionais, contando com um assessor t\u00e9cnico especializado em Pol\u00edticas P\u00fablicas que \u00e9 respons\u00e1vel por coordenar atividades locais de pesquisa e de mobiliza\u00e7\u00e3o junto \u00e0 categoria.<\/p>\n<p style=\"text-align: justify;\">S\u00e3o objetivos espec\u00edficos do CREPOP:<\/p>\n<p style=\"text-align: justify;\">1. Promover o conhecimento sobre as pr\u00e1ticas de profissionais psic\u00f3logos atuantes no campo das pol\u00edticas p\u00fablicas;<\/p>\n<p style=\"text-align: justify;\">2. Construir e disponibilizar refer\u00eancias t\u00e9cnicas para a atua\u00e7\u00e3o do psic\u00f3logo no campo das pol\u00edticas p\u00fablicas;<\/p>\n<p style=\"text-align: justify;\">3. Oferecer poss\u00edveis contribui\u00e7\u00f5es para a constru\u00e7\u00e3o de pol\u00edticas p\u00fablicas humanizadas, fortalecendo a compreens\u00e3o da dimens\u00e3o subjetiva presente nessas pol\u00edticas;<\/p>\n<p style=\"text-align: justify;\">4. Identificar oportunidades estrat\u00e9gicas de participa\u00e7\u00e3o da Psicologia nas pol\u00edticas p\u00fablicas;<\/p>\n<p style=\"text-align: justify;\">5. Promover a interlocu\u00e7\u00e3o da Psicologia com espa\u00e7os de formula\u00e7\u00e3o, gest\u00e3o e execu\u00e7\u00e3o em pol\u00edticas p\u00fablicas.<\/p>\n<p style=\"text-align: justify;\">Desde 2006 o Crepop realizou 22 pesquisas em diversas \u00e1reas como Sa\u00fade, Assist\u00eancia Social, Educa\u00e7\u00e3o e Justi\u00e7a. Das 22 pesquisas tem\u00e1ticas, 14 j\u00e1 t\u00eam os resultados publicados em refer\u00eancias t\u00e9cnicas que visam auxiliar e orientar a pratica dos psic\u00f3logos nas diversas \u00e1reas. Essas refer\u00eancias podem ser consultadas na vers\u00e3o impressa ou digital<\/p>\n<p style=\"text-align: justify;\"><b>2. Metodologia de pesquisa do CREPOP<\/b><\/p>\n<p style=\"text-align: justify;\">As pesquisas federais realizadas por esse centro de refer\u00eancia seguem uma metodologia pr\u00f3pria, reproduzida em todos os outros Centros de Refer\u00eancia no pa\u00eds, e seguindo a diretriz \u201cInvestiga\u00e7\u00e3o permanente em Psicologia e Pol\u00edticas P\u00fablicas\u201d, que consiste em pesquisas nacionalmente o fazer das psic\u00f3logas e dos psic\u00f3logos no Brasil.<\/p>\n<p style=\"text-align: justify;\">O processo investigativo \u00e9 realizado por meio de tr\u00eas circuitos:<\/p>\n<p style=\"text-align: justify;\">1\u00ba Circuito \u2013 Levantamento do Campo: realiza-se o recorte do campo, o delineamento do objeto, a pesquisa bibliogr\u00e1fica de fontes e produ\u00e7\u00f5es acad\u00eamicas locais, al\u00e9m do levantamento dos marcos l\u00f3gicos e legais (legisla\u00e7\u00f5es, documentos legais \u2013 leis, decretos, portarias, e normas oficiais) e da coleta de informa\u00e7\u00f5es gerais sobre programas, projetos, servi\u00e7os, \u00f3rg\u00e3os e entidades locais que fundamentam a tem\u00e1tica e\/ou pol\u00edtica p\u00fablica a ser referenciada.<\/p>\n<p style=\"text-align: justify;\">2\u00ba Circuito \u2013 Investiga\u00e7\u00e3o da Pr\u00e1tica: configura-se no mapeamento e coleta de dados para a identifica\u00e7\u00e3o e localiza\u00e7\u00e3o de Psic\u00f3logas e Psic\u00f3logos que atuam na pol\u00edtica em foco, dos Gestores P\u00fablicos respons\u00e1veis pelas pol\u00edticas p\u00fablicas tanto em n\u00edvel macro (Secret\u00e1rios Estaduais e Municipais) quanto em n\u00edvel local (Coordenadores e Gerentes), junto aos locais onde est\u00e3o inseridos. Por fim h\u00e1 a sistematiza\u00e7\u00e3o dos dados obtidos e a elabora\u00e7\u00e3o dos Relat\u00f3rios de Pesquisa (sob os n\u00edveis \u201cquantitativo e qualitativo\u201d).<\/p>\n<p style=\"text-align: justify;\">3\u00ba Circuito \u2013 Produ\u00e7\u00e3o de Refer\u00eancia: consiste na elabora\u00e7\u00e3o e produ\u00e7\u00e3o do documento de Refer\u00eancia T\u00e9cnica para a pr\u00e1tica e atua\u00e7\u00e3o de Psic\u00f3logos (as) no campo p\u00fablico.<\/p>\n<p style=\"text-align: justify;\">Para maiores informa\u00e7\u00f5es acerca dessa metodologia, foi constru\u00eddo um documento orientador: Metodologia do Centro de Refer\u00eancia T\u00e9cnica em Psicologia e Pol\u00edticas P\u00fablicas (CREPOP).<\/p>\n<p style=\"text-align: justify;\"><b>3. Publica\u00e7\u00f5es Federais<\/b><\/p>\n\n<ul style=\"text-align: justify;\">\n \t<li><a href=\"http:\/\/crp11.org.br\/wp-content\/uploads\/2022\/03\/1_REFERENCIAS-TECNICAS-SEGURANCA-PUBLICA_v4.pdf\">Refer\u00eancias T\u00e9cnicas para atua\u00e7\u00e3o do(a) psic\u00f3logos(as) na Pol\u00edtica de Seguran\u00e7a P\u00fablica<\/a><\/li>\n \t<li><a href=\"https:\/\/site.cfp.org.br\/wp-content\/uploads\/2021\/01\/885.3-REFERE%CC%82NCIAS-TE%CC%81CNICAS-IST_AIDS_web4.pdf\">Refer\u00eancias T\u00e9cnicas para atua\u00e7\u00e3o do(a) Psic\u00f3logos(as) nos Programas e Servi\u00e7os de IST\/HIV\/aids<\/a><\/li>\n \t<li><a href=\"http:\/\/crp11.org.br\/wp-content\/uploads\/2022\/03\/3_Referencias-Tecnicas-para-Atuacao-dasos-Psicologasos-no-Sistema-Prisional-FINAL.pdf\">Refer\u00eancias T\u00e9cnicas para atua\u00e7\u00e3o do(a) Psic\u00f3logos(as) no Sistema Prisional<\/a><\/li>\n \t<li><a href=\"http:\/\/crp11.org.br\/wp-content\/uploads\/2022\/03\/4_REFERENCIAS-TECNICAS-PARA-ATUACAO-DE-PSICOLOGASOS-NA-REDE-DE-PROTECAO-AS-CRIANCAS-E-ADOLESCENTES-EM-SITUACAO-DE-VIOLENCIA-SEXUAL-1.pdf\">Refer\u00eancias T\u00e9cnicas para Atua\u00e7\u00e3o de Psic\u00f3logas(os) na Rede de Prote\u00e7\u00e3o \u00e0s Crian\u00e7as e Adolescentes em Situa\u00e7\u00e3o de Viol\u00eancia Sexual (2020)<\/a><\/li>\n \t<li><a href=\"http:\/\/crp11.org.br\/wp-content\/uploads\/2022\/03\/5_Referencias-Tecnicas-para-atuacao-de-psicologas-em-politicas-publicas-de-mobilidade-humana-e-transito.pdf\">Refer\u00eancias t\u00e9cnicas para atua\u00e7\u00e3o de psic\u00f3logas (os) em pol\u00edticas p\u00fablicas de mobilidade humana e tr\u00e2nsito (2019)<\/a><\/li>\n \t<li><a href=\"http:\/\/crp11.org.br\/wp-content\/uploads\/2022\/03\/6_CFP_Relatorio_QuestoesTerraweb-14.05.2019.pdf\">Refer\u00eancias T\u00e9cnicas para Atua\u00e7\u00e3o das (os) Psic\u00f3logas (os) em Quest\u00f5es Relativas \u00e0 Terra (2019)<\/a><\/li>\n \t<li><a href=\"http:\/\/crp11.org.br\/wp-content\/uploads\/2022\/03\/7_EducacaoBASICA_web-final-2019-1.pdf\">Refer\u00eancias T\u00e9cnicas para atua\u00e7\u00e3o de psic\u00f3logas(os) na Educa\u00e7\u00e3o B\u00e1sica [2019] Edi\u00e7\u00e3o revisada<\/a><\/li>\n \t<li><a href=\"http:\/\/crp11.org.br\/wp-content\/uploads\/2022\/03\/8_AlcooleOutrasDrogas_web-FINAL-1.pdf\">Refer\u00eancias T\u00e9cnicas para atua\u00e7\u00e3o de psic\u00f3logas(os) em pol\u00edticas p\u00fablicas de \u00e1lcool e outras drogas [2019] Edi\u00e7\u00e3o revisada<\/a><\/li>\n \t<li><a href=\"http:\/\/crp11.org.br\/wp-content\/uploads\/2022\/03\/9_Esporte_FINAL_WEB-1.pdf\">Refer\u00eancias T\u00e9cnicas para atua\u00e7\u00e3o de psic\u00f3logas(os) em pol\u00edticas p\u00fablicas de Esporte [2019]<\/a><\/li>\n \t<li><a href=\"http:\/\/crp11.org.br\/wp-content\/uploads\/2022\/03\/10_SaudeDoTrabalhador_WEB_FINAL_1_outubro-1.pdf\">Sa\u00fade do Trabalhador no \u00e2mbito da Sa\u00fade P\u00fablica: refer\u00eancias para atua\u00e7\u00e3o da(o) psic\u00f3loga(o) [2019]<\/a><\/li>\n \t<li><a href=\"http:\/\/crp11.org.br\/wp-content\/uploads\/2022\/03\/11_BR84-CFP-RefTec-VarasDeFamilia_web1.pdf\">Refer\u00eancias T\u00e9cnicas para atua\u00e7\u00e3o de psic\u00f3logas(os) em varas de fam\u00edlia [2019]<\/a><\/li>\n \t<li><a href=\"http:\/\/crp11.org.br\/wp-content\/uploads\/2022\/03\/12_ServHosp_web1.pdf\">Refer\u00eancias T\u00e9cnicas para atua\u00e7\u00e3o de psic\u00f3logas(os) nos servi\u00e7os hospitalares do SUS [2019]<\/a><\/li>\n \t<li><a href=\"http:\/\/crp11.org.br\/wp-content\/uploads\/2022\/03\/13_CFP_atencaoBasica-2.pdf\">Refer\u00eancias T\u00e9cnicas para Atua\u00e7\u00e3o de Psic\u00f3logas(os) na Aten\u00e7\u00e3o B\u00e1sica \u00e0 Sa\u00fade [2019]<\/a><\/li>\n \t<li><a href=\"http:\/\/crp11.org.br\/wp-content\/uploads\/2022\/03\/14_CFP_PovosTradicionais_web.pdf\">Refer\u00eancias T\u00e9cnicas para atua\u00e7\u00e3o da Psicologia com Povos Tradicionais [2019]<\/a><\/li>\n \t<li><a href=\"http:\/\/crp11.org.br\/wp-content\/uploads\/2022\/03\/15_relacoes_raciais_baixa.pdf\">Rela\u00e7\u00f5es Raciais refer\u00eancias t\u00e9cnicas para a atua\u00e7\u00e3o de psic\u00f3logas(os) (2017)<\/a><\/li>\n \t<li><a href=\"http:\/\/crp11.org.br\/wp-content\/uploads\/2022\/03\/17_2013-05-02b-MULHER.pdf\">Refer\u00eancias t\u00e9cnicas para atua\u00e7\u00e3o de psic\u00f3logas(os) em Programas de Aten\u00e7\u00e3o \u00e0 Mulher em situa\u00e7\u00e3o de Viol\u00eancia (2013)<\/a><\/li>\n \t<li><a href=\"http:\/\/crp11.org.br\/wp-content\/uploads\/2022\/03\/18_CREPOP_CREAS_.pdf\">Refer\u00eancias T\u00e9cnicas para a Pr\u00e1tica de Psic\u00f3logas (os) no Centro de Refer\u00eancia Especializado da Assist\u00eancia Social \u2013 CREAS (2013)<\/a><\/li>\n \t<li><a href=\"http:\/\/crp11.org.br\/wp-content\/uploads\/2022\/03\/19_AF_Sistema_Prisional-1.pdf\">Refer\u00eancias t\u00e9cnicas para a atua\u00e7\u00e3o das(os) psic\u00f3logas(os) no Sistema Prisional (2012)<\/a><\/li>\n \t<li><a href=\"http:\/\/crp11.org.br\/wp-content\/uploads\/2022\/03\/20_Atuacao-dasos-Psicologasos-em-Programas-de-Medidas-Socioeducativas-em-Meio-Aberto.pdf\">Refer\u00eancia T\u00e9cnica para Atua\u00e7\u00e3o de Psic\u00f3logas(os) em Programas de Medidas Socioeducativas em Meio Aberto (2012)<\/a><\/li>\n \t<li><a href=\"http:\/\/crp11.org.br\/wp-content\/uploads\/2022\/03\/21_conasems_crepop_v41-1.pdf\">Como a Psicologia pode contribuir para o avan\u00e7o do SUS (2011)<\/a><\/li>\n \t<li><a href=\"http:\/\/crp11.org.br\/wp-content\/uploads\/2022\/03\/22_GestoresSuasfinal-1.pdf\">Como os psic\u00f3logos e as psic\u00f3logas podem contribuir para avan\u00e7ar o sistema \u00fanico de assist\u00eancia social (SUAS)? Informa\u00e7\u00f5es para gestoras e gestores (2011)<\/a><\/li>\n \t<li><a href=\"http:\/\/crp11.org.br\/wp-content\/uploads\/2022\/03\/23_CREPOP_2010_MedSocioEduc-Internacao.pdf\">Refer\u00eancias T\u00e9cnicas para a atua\u00e7\u00e3o de psic\u00f3logos no \u00e2mbito das Medidas Socioeducativas em Unidades de Interna\u00e7\u00e3o (2010)<\/a><\/li>\n \t<li><a href=\"https:\/\/site.cfp.org.br\/publicacao\/referencias-tecnicas-para-atuacao-de-psicologasos-no-cras-suas\/\">Refer\u00eancias T\u00e9cnicas para atua\u00e7\u00e3o de psic\u00f3logas(os) no CRAS\/SUAS. (2021) Edi\u00e7\u00e3o Revisada<\/a><\/li>\n \t<li><a href=\"https:\/\/site.cfp.org.br\/publicacao\/referencias-tecnicas-para-atuacao-de-psicologasos-no-centro-de-atencao-psicossocial-caps\/\">Refer\u00eancias T\u00e9cnicas para Atua\u00e7\u00e3o de Psic\u00f3logas(os) no Centro de Aten\u00e7\u00e3o Psicossocial (CAPS) (2022) Edi\u00e7\u00e3o Revisada<\/a><\/li>\n \t<li><a href=\"https:\/\/site.cfp.org.br\/publicacao\/referencias-tecnicas-para-atuacao-de-psicologas-psicologos-e-psicologues-em-politicas-publicas-para-populacao-lgbtqia\/\">Refer\u00eancias T\u00e9cnicas para Atua\u00e7\u00e3o de Psic\u00f3logas, Psic\u00f3logos e Psic\u00f3logues em Pol\u00edticas P\u00fablicas para Popula\u00e7\u00e3o LGBTQIA+(2023)<\/a><\/li>\n<\/ul>\n<p style=\"text-align: justify;\"><b>4. Publica\u00e7\u00f5es Regionais<\/b><\/p>\n\n<ul style=\"text-align: justify;\">\n \t<li><a href=\"http:\/\/crp11.org.br\/wp-content\/uploads\/2022\/03\/26_MANUAL_DE_PERGUNTAS_E_RESPOSTAS_SOBRE_O_EXERCICIO_PROFISISONAL_DA_PSICOLOGIA_3.pdf\">Manual de Perguntas e Respostas sobre o Exerc\u00edcio Profissional da Psicologia (2019)<\/a><\/li>\n \t<li><a href=\"http:\/\/crp11.org.br\/wp-content\/uploads\/2022\/03\/27_Relatorio-Resumido-Pesquisa-Condicoes-de-Trabalho-Finalcapa.pdf\">Relat\u00f3rio Sint\u00e9tico &#8211; Condi\u00e7\u00f5es de trabalho de psic\u00f3logas(os) no Cear\u00e1 (publicado)<\/a><\/li>\n \t<li><a href=\"http:\/\/crp11.org.br\/wp-content\/uploads\/2022\/03\/28_serie-diversidade-praticas-psicologia-corrigido-ISBN-vol-1-30-jul-2019.pdf\">DIVERSIDADE DE PR\u00c1TICAS EM PSICOLOGIA. Vol 1.<\/a><\/li>\n \t<li><a href=\"http:\/\/crp11.org.br\/wp-content\/uploads\/2022\/03\/29_vol-2-chamada-diversidade-praticas-arquivo-final-capa-folha-rosto-manuscrito-completo.pdf\">DIVERSIDADE DE PR\u00c1TICAS EM PSICOLOGIA. Vol 2.<\/a><\/li>\n \t<li><a href=\"https:\/\/crp11.org.br\/wp-content\/uploads\/2023\/06\/cartilha.pdf\" target=\"_blank\" rel=\"noopener\">\u00a0PSICOLOGIA E AUTISMO NO CEAR\u00c1: DO RECONHECIMENTO DAS PR\u00c1TICAS AO PERCURSO DE REGULAMENTA\u00c7\u00c3O \u00c9TICA DESSE CAMPO<\/a><\/li>\n<\/ul>\n<p style=\"text-align: justify;\"><b>\u00a0<\/b><\/p>\n<p style=\"text-align: justify;\"><b>5. Pesquisas em Andamento<\/b><\/p>\n<p style=\"text-align: justify;\">O CRP da 11\u00aa Regi\u00e3o, al\u00e9m de fazer parte da rede do CREPOP, desempenha ainda a\u00e7\u00f5es de pesquisa e produ\u00e7\u00e3o de material t\u00e9cnico a n\u00edvel regional. S\u00e3o pesquisas atualmente desenvolvidas por esse conselho:<\/p>\n\n<ul style=\"text-align: justify;\">\n \t<li>Condi\u00e7\u00f5es de trabalho e atua\u00e7\u00e3o do profissional de psicologia em comunidades terap\u00eauticas- Pesquisa a n\u00edvel local<\/li>\n<\/ul>\n<p style=\"text-align: justify;\"><b>\u00a0<\/b><\/p>\n<p style=\"text-align: justify;\"><b>6. Pesquisas, Levantamentos e Relat\u00f3rios Sobre o Trabalho do (a) Psic\u00f3logo (a), sobre os Campos de Trabalho e Tem\u00e1ticas afins<\/b><\/p>\n\n<ul style=\"text-align: justify;\">\n \t<li>Tipo de Documento: <a href=\"http:\/\/crp11.org.br\/wp-content\/uploads\/2022\/03\/30_Relatorio-Resumido-Pesquisa-Condicoes-de-Trabalho-Finalcapa.pdf\">Relat\u00f3rio de Pesquisa de Condi\u00e7\u00f5es de Trabalho das(os) Psic\u00f3logas(os)<\/a>\nAssunto: RELAT\u00d3RIO CONSOLIDADO DA PESQUISA \u201cCONDI\u00c7\u00d5ES DE TRABALHO DA (O) PSIC\u00d3LOGA (O) NO CEAR\u00c1\u201d \u2013 2014 a 2016.<\/li>\n \t<li>Tipo de Documento: <a href=\"http:\/\/crp11.org.br\/wp-content\/uploads\/2022\/03\/31_psicologosMercadoTrabalho.pdf\">Levantamento Nacional sobre Mercado de Trabalho Brasileiro \u2013 Psicologia (DIEESE e CFP)<\/a>\nAssunto: Levantamento de informa\u00e7\u00f5es sobre a inser\u00e7\u00e3o dos psic\u00f3logos no mercado de trabalho brasileiro \u2013 2016<\/li>\n<\/ul>\n<p style=\"text-align: justify;\"><strong>\u00a0<\/strong><\/p>\n<p style=\"text-align: justify;\"><strong>Para maiores informa\u00e7\u00f5es, entre em contato pelo e-mail: crepop@crp11.org.br<\/strong><\/p>\t\t\t\t\t\t\t\t<\/div>\n\t\t\t\t<\/div>\n\t\t\t\t\t<\/div>\n\t\t<\/div>\n\t\t\t\t\t<\/div>\n\t\t<\/section>\n\t\t\t\t<\/div>\n\t\t","protected":false},"excerpt":{"rendered":"<p>CREPOP 1. O que \u00e9 CREPOP? O Centro de Refer\u00eancias T\u00e9cnicas em Psicologia e Pol\u00edticas P\u00fablicas (CREPOP) configura-se como um centro de pesquisas e de produ\u00e7\u00e3o de material t\u00e9cnico para [&hellip;]<\/p>\n","protected":false},"author":1,"featured_media":0,"parent":0,"menu_order":0,"comment_status":"closed","ping_status":"open","template":"elementor_header_footer","meta":{"footnotes":""},"class_list":["post-205","page","type-page","status-publish","hentry"],"_links":{"self":[{"href":"https:\/\/crp11.org.br\/index.php?rest_route=\/wp\/v2\/pages\/205","targetHints":{"allow":["GET"]}}],"collection":[{"href":"https:\/\/crp11.org.br\/index.php?rest_route=\/wp\/v2\/pages"}],"about":[{"href":"https:\/\/crp11.org.br\/index.php?rest_route=\/wp\/v2\/types\/page"}],"author":[{"embeddable":true,"href":"https:\/\/crp11.org.br\/index.php?rest_route=\/wp\/v2\/users\/1"}],"replies":[{"embeddable":true,"href":"https:\/\/crp11.org.br\/index.php?rest_route=%2Fwp%2Fv2%2Fcomments&post=205"}],"version-history":[{"count":42,"href":"https:\/\/crp11.org.br\/index.php?rest_route=\/wp\/v2\/pages\/205\/revisions"}],"predecessor-version":[{"id":5144,"href":"https:\/\/crp11.org.br\/index.php?rest_route=\/wp\/v2\/pages\/205\/revisions\/5144"}],"wp:attachment":[{"href":"https:\/\/crp11.org.br\/index.php?rest_route=%2Fwp%2Fv2%2Fmedia&parent=205"}],"curies":[{"name":"wp","href":"https:\/\/api.w.org\/{rel}","templated":true}]}}