{"id":3949,"date":"2023-12-20T11:42:30","date_gmt":"2023-12-20T14:42:30","guid":{"rendered":"https:\/\/crp11.org.br\/?page_id=3949"},"modified":"2024-07-31T18:40:38","modified_gmt":"2024-07-31T21:40:38","slug":"titulo-de-especialista-orientacoes","status":"publish","type":"page","link":"https:\/\/crp11.org.br\/?page_id=3949","title":{"rendered":"T\u00edtulo de especialista &#8211; Orienta\u00e7\u00f5es"},"content":{"rendered":"\t\t<div data-elementor-type=\"wp-post\" data-elementor-id=\"3949\" class=\"elementor elementor-3949\" data-elementor-post-type=\"page\">\n\t\t\t\t\t\t<section class=\"elementor-section elementor-top-section elementor-element elementor-element-91f2f85 elementor-section-boxed elementor-section-height-default elementor-section-height-default\" data-id=\"91f2f85\" data-element_type=\"section\">\n\t\t\t\t\t\t<div class=\"elementor-container elementor-column-gap-default\">\n\t\t\t\t\t<div class=\"elementor-column elementor-col-100 elementor-top-column elementor-element elementor-element-dc68a36\" data-id=\"dc68a36\" data-element_type=\"column\">\n\t\t\t<div class=\"elementor-widget-wrap elementor-element-populated\">\n\t\t\t\t\t\t<div class=\"elementor-element elementor-element-a4e6750 elementor-widget elementor-widget-heading\" data-id=\"a4e6750\" data-element_type=\"widget\" data-widget_type=\"heading.default\">\n\t\t\t\t<div class=\"elementor-widget-container\">\n\t\t\t\t\t<h2 class=\"elementor-heading-title elementor-size-default\">T\u00edtulo de especialista<\/h2>\t\t\t\t<\/div>\n\t\t\t\t<\/div>\n\t\t\t\t<div class=\"elementor-element elementor-element-5b28602 elementor-widget elementor-widget-text-editor\" data-id=\"5b28602\" data-element_type=\"widget\" data-widget_type=\"text-editor.default\">\n\t\t\t\t<div class=\"elementor-widget-container\">\n\t\t\t\t\t\t\t\t\t<p><a href=\"https:\/\/atosoficiais.com.br\/cfp\/resolucao-do-exercicio-profissional-n-23-2022-institui-condicoes-para-concessao-e-registro-de-psicologa-e-psicologo-especialistas-reconhece-as-especialidades-da-psicologia-e-revoga-as-resolucoes-cfp-no-13-de-14-de-setembro-de-2007-no-3-de-5-de-fevereiro-de-2016-no-18-de-5-de-setembro-de-2019?origin=instituicao\"><em>Resolu\u00e7\u00e3o CFP N.\u00ba 23\/2022<\/em><\/a><em>&nbsp; que institui a Consolida\u00e7\u00e3o das Resolu\u00e7\u00f5es relativas ao T\u00edtulo Profissional de Especialista em Psicologia e disp\u00f5e sobre normas e procedimentos para seu registro.<\/em><\/p>\n<h4>A Concess\u00e3o<\/h4>\n<p>O registro profissional de especialista \u00e9 fornecido pelo Conselho Regional de Psicologia, no qual a Psic\u00f3loga e o Psic\u00f3logo t\u00eam sua inscri\u00e7\u00e3o profissional principal. Cabe \u00e0 plen\u00e1ria do CRP-CE a aprova\u00e7\u00e3o da concess\u00e3o do t\u00edtulo profissional de especialista. Conforme Resolu\u00e7\u00e3o, poder\u00e3o ser registrados at\u00e9 dois t\u00edtulos profissionais de especialidade na Carteira de Identidade Profissional (CIP) da(o) psic\u00f3loga(o).<\/p>\n<p><strong>Documentos obrigat\u00f3rios:<\/strong><\/p>\n<ul>\n<li><a href=\"https:\/\/crp11.org.br\/wp-content\/uploads\/2024\/07\/Formulario-de-Titulo-de-Especialista-Para-Preenchimento.pdf\">Formul\u00e1rio de Registro de Especialista;<\/a><\/li>\n<li>Documento de identifica\u00e7\u00e3o civil v\u00e1lida em todo territ\u00f3rio nacional com foto;<\/li>\n<li>CPF (se n\u00e3o estiver presente no documento de identifica\u00e7\u00e3o);<\/li>\n<li>Certificado de Conclus\u00e3o de Curso de Especializa\u00e7\u00e3o ou Resultado Final de Aprova\u00e7\u00e3o em prova de especialista CFP;<\/li>\n<li>Documenta\u00e7\u00e3o que comprove efetivo exerc\u00edcio profissional, de no m\u00ednimo 2 anos, correlato \u00e0 \u00e1rea de especialidade;<\/li>\n<li>Carteira de Identidade Profissional (CIP);<\/li>\n<\/ul>\n<h4>Especialidades<\/h4>\n<p>Informamos que as especialidades regulamentadas s\u00e3o profissionais, e n\u00e3o especialidades no campo do exerc\u00edcio profissional da Psic\u00f3loga e Psic\u00f3logo. Abaixo, constam as especialidades que foram regulamentadas. Novas especialidades poder\u00e3o ser regulamentadas, pelo Conselho Federal de Psicologia (CFP).<\/p>\n<ul>\n<li>Especialista em Psicologia Escolar\/Educacional<\/li>\n<li>Especialista em Psicologia Organizacional e do Trabalho<\/li>\n<li>Especialista em Psicologia de Tr\u00e1fego<\/li>\n<li>Especialista em Psicologia Jur\u00eddica<\/li>\n<li>Especialista em Psicomotricidade<\/li>\n<li>Especialista em Psicologia do Esporte<\/li>\n<li>Especialista em Psicologia Cl\u00ednica<\/li>\n<li>Especialista em Psicologia Hospitalar<\/li>\n<li>Especialista em Psicopedagogia<\/li>\n<li>Especialista em Psicologia Social<\/li>\n<li>Especialista em Neuropsicologia<\/li>\n<li>Especialista em Sa\u00fade<\/li>\n<li>Especialista em Avalia\u00e7\u00e3o Psicol\u00f3gica.<\/li>\n<\/ul>\n<p>Caso tenha d\u00favida, acesse a&nbsp;<a href=\"https:\/\/atosoficiais.com.br\/cfp\/resolucao-do-exercicio-profissional-n-23-2022-institui-condicoes-para-concessao-e-registro-de-psicologa-e-psicologo-especialistas-reconhece-as-especialidades-da-psicologia-e-revoga-as-resolucoes-cfp-no-13-de-14-de-setembro-de-2007-no-3-de-5-de-fevereiro-de-2016-no-18-de-5-de-setembro-de-2019?origin=instituicao\">Resolu\u00e7\u00e3o CFP N.\u00ba 23\/2022<\/a><\/p>\n<p><strong><em>Observa\u00e7\u00e3o: <\/em><\/strong><em>Ap\u00f3s o recebimento da solicita\u00e7\u00e3o, o setor administrativo confirmar\u00e1 a documenta\u00e7\u00e3o e enviar\u00e1 o processo para an\u00e1lise da Comiss\u00e3o de An\u00e1lise para Concess\u00e3o de Registro de Psic\u00f3loga(o) Especialista (CARPE).<br>PRAZO: Art. 6\u00ba \u00a7 2\u00ba e 3\u00ba da Resolu\u00e7\u00e3o CFP 23\/2022 &#8211; A CARPE examinar\u00e1 os documentos comprobat\u00f3rios e a correla\u00e7\u00e3o desses com a \u00e1rea de especialidade reconhecida pelo Conselho Federal de Psicologia, conforme ementas que constam no Anexo I desta Resolu\u00e7\u00e3o. O Conselho Regional de Psicologia deferir\u00e1 ou indeferir\u00e1 o registro de Psic\u00f3loga(o) especialista, mediante decis\u00e3o plen\u00e1ria, em at\u00e9 60 (sessenta) dias contados da data de protocolo do requerimento.<\/em><\/p>\t\t\t\t\t\t\t\t<\/div>\n\t\t\t\t<\/div>\n\t\t\t\t<div class=\"elementor-element elementor-element-0804a9b elementor-widget elementor-widget-button\" data-id=\"0804a9b\" data-element_type=\"widget\" data-widget_type=\"button.default\">\n\t\t\t\t<div class=\"elementor-widget-container\">\n\t\t\t\t\t\t\t\t\t<div class=\"elementor-button-wrapper\">\n\t\t\t\t\t<a class=\"elementor-button elementor-button-link elementor-size-sm\" href=\"https:\/\/cfp.brctotal.com\/crp11\/pgsRequerimento\/SelecionaRequerimento.aspx\">\n\t\t\t\t\t\t<span class=\"elementor-button-content-wrapper\">\n\t\t\t\t\t\t\t\t\t<span class=\"elementor-button-text\">Requerimento<\/span>\n\t\t\t\t\t<\/span>\n\t\t\t\t\t<\/a>\n\t\t\t\t<\/div>\n\t\t\t\t\t\t\t\t<\/div>\n\t\t\t\t<\/div>\n\t\t\t\t\t<\/div>\n\t\t<\/div>\n\t\t\t\t\t<\/div>\n\t\t<\/section>\n\t\t\t\t<\/div>\n\t\t","protected":false},"excerpt":{"rendered":"<p>T\u00edtulo de especialista Resolu\u00e7\u00e3o CFP N.\u00ba 23\/2022&nbsp; que institui a Consolida\u00e7\u00e3o das Resolu\u00e7\u00f5es relativas ao T\u00edtulo Profissional de Especialista em Psicologia e disp\u00f5e sobre normas e procedimentos para seu registro. [&hellip;]<\/p>\n","protected":false},"author":1,"featured_media":0,"parent":0,"menu_order":0,"comment_status":"closed","ping_status":"closed","template":"elementor_header_footer","meta":{"footnotes":""},"class_list":["post-3949","page","type-page","status-publish","hentry"],"_links":{"self":[{"href":"https:\/\/crp11.org.br\/index.php?rest_route=\/wp\/v2\/pages\/3949","targetHints":{"allow":["GET"]}}],"collection":[{"href":"https:\/\/crp11.org.br\/index.php?rest_route=\/wp\/v2\/pages"}],"about":[{"href":"https:\/\/crp11.org.br\/index.php?rest_route=\/wp\/v2\/types\/page"}],"author":[{"embeddable":true,"href":"https:\/\/crp11.org.br\/index.php?rest_route=\/wp\/v2\/users\/1"}],"replies":[{"embeddable":true,"href":"https:\/\/crp11.org.br\/index.php?rest_route=%2Fwp%2Fv2%2Fcomments&post=3949"}],"version-history":[{"count":11,"href":"https:\/\/crp11.org.br\/index.php?rest_route=\/wp\/v2\/pages\/3949\/revisions"}],"predecessor-version":[{"id":4285,"href":"https:\/\/crp11.org.br\/index.php?rest_route=\/wp\/v2\/pages\/3949\/revisions\/4285"}],"wp:attachment":[{"href":"https:\/\/crp11.org.br\/index.php?rest_route=%2Fwp%2Fv2%2Fmedia&parent=3949"}],"curies":[{"name":"wp","href":"https:\/\/api.w.org\/{rel}","templated":true}]}}