{"id":3963,"date":"2023-12-20T11:45:11","date_gmt":"2023-12-20T14:45:11","guid":{"rendered":"https:\/\/crp11.org.br\/?page_id=3963"},"modified":"2023-12-21T11:19:44","modified_gmt":"2023-12-21T14:19:44","slug":"prorrogacao-de-prazo-de-apresentacao-de-diploma-orientacoes","status":"publish","type":"page","link":"https:\/\/crp11.org.br\/?page_id=3963","title":{"rendered":"Prorroga\u00e7\u00e3o de prazo de apresenta\u00e7\u00e3o de diploma &#8211; Orienta\u00e7\u00f5es"},"content":{"rendered":"\t\t<div data-elementor-type=\"wp-post\" data-elementor-id=\"3963\" class=\"elementor elementor-3963\" data-elementor-post-type=\"page\">\n\t\t\t\t\t\t<section class=\"elementor-section elementor-top-section elementor-element elementor-element-91f2f85 elementor-section-boxed elementor-section-height-default elementor-section-height-default\" data-id=\"91f2f85\" data-element_type=\"section\">\n\t\t\t\t\t\t<div class=\"elementor-container elementor-column-gap-default\">\n\t\t\t\t\t<div class=\"elementor-column elementor-col-100 elementor-top-column elementor-element elementor-element-dc68a36\" data-id=\"dc68a36\" data-element_type=\"column\">\n\t\t\t<div class=\"elementor-widget-wrap elementor-element-populated\">\n\t\t\t\t\t\t<div class=\"elementor-element elementor-element-a4e6750 elementor-widget elementor-widget-heading\" data-id=\"a4e6750\" data-element_type=\"widget\" data-widget_type=\"heading.default\">\n\t\t\t\t<div class=\"elementor-widget-container\">\n\t\t\t\t\t<h2 class=\"elementor-heading-title elementor-size-default\">Prorroga\u00e7\u00e3o de prazo de apresenta\u00e7\u00e3o de diploma<\/h2>\t\t\t\t<\/div>\n\t\t\t\t<\/div>\n\t\t\t\t<div class=\"elementor-element elementor-element-5b28602 elementor-widget elementor-widget-text-editor\" data-id=\"5b28602\" data-element_type=\"widget\" data-widget_type=\"text-editor.default\">\n\t\t\t\t<div class=\"elementor-widget-container\">\n\t\t\t\t\t\t\t\t\t<p><em>Caso n\u00e3o esteja de posse do Diploma at\u00e9 o vencimento da inscri\u00e7\u00e3o provis\u00f3ria, solicite a prorroga\u00e7\u00e3o de prazo da validade de inscri\u00e7\u00e3o, por per\u00edodo n\u00e3o superior a seis meses. Essa solicita\u00e7\u00e3o dever\u00e1 ser acompanhada de protocolo ou declara\u00e7\u00e3o de solicita\u00e7\u00e3o da emiss\u00e3o do diploma de forma\u00e7\u00e3o, com data atualizada, junto \u00e0 Entidade Formadora.<\/em><\/p><p><strong>Como realizar o requerimento de Prorroga\u00e7\u00e3o do Prazo de entrega do Diploma?<\/strong><\/p><ul><li>Acesse o requerimento de Prorroga\u00e7\u00e3o do Prazo de entrega do Diploma, no bot\u00e3o que fica localizado ap\u00f3s as instru\u00e7\u00f5es e preencha a solicita\u00e7\u00e3o;<\/li><\/ul><p>\u00a0<\/p><p><strong>Documentos obrigat\u00f3rios <\/strong><\/p><p>Os seguintes documentos dever ser digitalizados e anexados em formato PDF:<\/p><ul><li>Anexe o Protocolo e\/ou Declara\u00e7\u00e3o de solicita\u00e7\u00e3o do diploma digitalizado e em formato PDF.<\/li><li>Comprovante de Endere\u00e7o (de acordo com o informado no requerimento);<\/li><li><strong>Documento comprobat\u00f3rio da faculdade da negativa da entrega do diploma<\/strong><\/li><\/ul><p><strong>\u00a0<\/strong><\/p><p><strong><em>Observa\u00e7\u00e3o: <\/em><\/strong><em>Ap\u00f3s o recebimento da solicita\u00e7\u00e3o, o setor administrativo confirmar\u00e1 a documenta\u00e7\u00e3o e far\u00e1 contato para o envio do boleto da taxa e sobre foto e coleta da biom\u00e9trica dos dados para a confec\u00e7\u00e3o da nova Carteira de Identidade Profissional.<\/em><\/p><p><em><br \/><\/em><strong><em>PRAZO:<\/em><\/strong> O tempo de resposta da secretaria \u00e9 at\u00e9 <u>10 (dez) dias \u00fateis<\/u>, da formaliza\u00e7\u00e3o do pedido. A secretaria atende todas as solicita\u00e7\u00f5es em ordem de chegada.<\/p><p><strong><em>Aten\u00e7\u00e3o!<\/em><\/strong><\/p><p>Pedimos que, no preenchimento da ficha de cadastro, seja inclu\u00eddo um n\u00famero de contato para recados. O n\u00famero pode ser fixo ou celular, mas pedimos para n\u00e3o repetir n\u00fameros j\u00e1 preenchidos em outras op\u00e7\u00f5es. Solicitamos especial aten\u00e7\u00e3o para que, se estiverem aguardando retorno do CRP-CE, verifiquem tamb\u00e9m suas caixas de Spam ou Lixo Eletr\u00f4nico, pois alguns servidores podem acabar direcionando as mensagens para l\u00e1. Obrigado!<\/p>\t\t\t\t\t\t\t\t<\/div>\n\t\t\t\t<\/div>\n\t\t\t\t<div class=\"elementor-element elementor-element-2d72f8b elementor-widget elementor-widget-button\" data-id=\"2d72f8b\" data-element_type=\"widget\" data-widget_type=\"button.default\">\n\t\t\t\t<div class=\"elementor-widget-container\">\n\t\t\t\t\t\t\t\t\t<div class=\"elementor-button-wrapper\">\n\t\t\t\t\t<a class=\"elementor-button elementor-button-link elementor-size-sm\" href=\"https:\/\/cfp.brctotal.com\/crp11\/pgsRequerimento\/SelecionaRequerimento.aspx\">\n\t\t\t\t\t\t<span class=\"elementor-button-content-wrapper\">\n\t\t\t\t\t\t\t\t\t<span class=\"elementor-button-text\">Requerimento<\/span>\n\t\t\t\t\t<\/span>\n\t\t\t\t\t<\/a>\n\t\t\t\t<\/div>\n\t\t\t\t\t\t\t\t<\/div>\n\t\t\t\t<\/div>\n\t\t\t\t\t<\/div>\n\t\t<\/div>\n\t\t\t\t\t<\/div>\n\t\t<\/section>\n\t\t\t\t<\/div>\n\t\t","protected":false},"excerpt":{"rendered":"<p>Prorroga\u00e7\u00e3o de prazo de apresenta\u00e7\u00e3o de diploma Caso n\u00e3o esteja de posse do Diploma at\u00e9 o vencimento da inscri\u00e7\u00e3o provis\u00f3ria, solicite a prorroga\u00e7\u00e3o de prazo da validade de inscri\u00e7\u00e3o, por [&hellip;]<\/p>\n","protected":false},"author":1,"featured_media":0,"parent":0,"menu_order":0,"comment_status":"closed","ping_status":"closed","template":"elementor_header_footer","meta":{"footnotes":""},"class_list":["post-3963","page","type-page","status-publish","hentry"],"_links":{"self":[{"href":"https:\/\/crp11.org.br\/index.php?rest_route=\/wp\/v2\/pages\/3963","targetHints":{"allow":["GET"]}}],"collection":[{"href":"https:\/\/crp11.org.br\/index.php?rest_route=\/wp\/v2\/pages"}],"about":[{"href":"https:\/\/crp11.org.br\/index.php?rest_route=\/wp\/v2\/types\/page"}],"author":[{"embeddable":true,"href":"https:\/\/crp11.org.br\/index.php?rest_route=\/wp\/v2\/users\/1"}],"replies":[{"embeddable":true,"href":"https:\/\/crp11.org.br\/index.php?rest_route=%2Fwp%2Fv2%2Fcomments&post=3963"}],"version-history":[{"count":7,"href":"https:\/\/crp11.org.br\/index.php?rest_route=\/wp\/v2\/pages\/3963\/revisions"}],"predecessor-version":[{"id":4077,"href":"https:\/\/crp11.org.br\/index.php?rest_route=\/wp\/v2\/pages\/3963\/revisions\/4077"}],"wp:attachment":[{"href":"https:\/\/crp11.org.br\/index.php?rest_route=%2Fwp%2Fv2%2Fmedia&parent=3963"}],"curies":[{"name":"wp","href":"https:\/\/api.w.org\/{rel}","templated":true}]}}