{"id":3972,"date":"2023-12-20T11:47:19","date_gmt":"2023-12-20T14:47:19","guid":{"rendered":"https:\/\/crp11.org.br\/?page_id=3972"},"modified":"2026-01-07T09:40:30","modified_gmt":"2026-01-07T12:40:30","slug":"cancelamento-de-inscricao-orientacoes","status":"publish","type":"page","link":"https:\/\/crp11.org.br\/?page_id=3972","title":{"rendered":"Cancelamento de inscri\u00e7\u00e3o &#8211; Orienta\u00e7\u00f5es"},"content":{"rendered":"\t\t<div data-elementor-type=\"wp-post\" data-elementor-id=\"3972\" class=\"elementor elementor-3972\" data-elementor-post-type=\"page\">\n\t\t\t\t\t\t<section class=\"elementor-section elementor-top-section elementor-element elementor-element-91f2f85 elementor-section-boxed elementor-section-height-default elementor-section-height-default\" data-id=\"91f2f85\" data-element_type=\"section\">\n\t\t\t\t\t\t<div class=\"elementor-container elementor-column-gap-default\">\n\t\t\t\t\t<div class=\"elementor-column elementor-col-100 elementor-top-column elementor-element elementor-element-dc68a36\" data-id=\"dc68a36\" data-element_type=\"column\">\n\t\t\t<div class=\"elementor-widget-wrap elementor-element-populated\">\n\t\t\t\t\t\t<div class=\"elementor-element elementor-element-a4e6750 elementor-widget elementor-widget-heading\" data-id=\"a4e6750\" data-element_type=\"widget\" data-widget_type=\"heading.default\">\n\t\t\t\t<div class=\"elementor-widget-container\">\n\t\t\t\t\t<h2 class=\"elementor-heading-title elementor-size-default\">Cancelamento de inscri\u00e7\u00e3o<\/h2>\t\t\t\t<\/div>\n\t\t\t\t<\/div>\n\t\t\t\t<div class=\"elementor-element elementor-element-5b28602 elementor-widget elementor-widget-text-editor\" data-id=\"5b28602\" data-element_type=\"widget\" data-widget_type=\"text-editor.default\">\n\t\t\t\t<div class=\"elementor-widget-container\">\n\t\t\t\t\t\t\t\t\t<p>A(o) profissional que n\u00e3o est\u00e1 atuando ou se divulgando em Psicologia, poder\u00e1 solicitar o cancelamento do seu registro. Esse cancelamento se dar\u00e1 por prazo indeterminado, podendo, da mesma forma, ser alterado com a solicita\u00e7\u00e3o de reativa\u00e7\u00e3o do registro. Cabe destacar que o n\u00famero de registro se mant\u00e9m, pois est\u00e1 vinculado ao CPF da(o) profissional.<\/p><p>ATEN\u00c7\u00c3O!<\/p><p>O Requerimento dever\u00e1 estar preenchido por completo, com respectivos documentos complementares (quando for o caso). Na aus\u00eancia de alguma informa\u00e7\u00e3o ou n\u00e3o preenchimento do formul\u00e1rio, o pedido de cancelamento ser\u00e1 indeferido.<\/p><p>Para al\u00e9m do requerimento do site \u00e9 OBRIGAT\u00d3RIO preencher o formul\u00e1rio de d\u00e9bito financeiro, orientamos que primeiro entre em contato com o setor respons\u00e1vel, a Cobran\u00e7a (cobranca@crp11.org.br &#8211; whatsapp 85 999782289 &#8211; op\u00e7\u00e3o 3), que ir\u00e1 inform\u00e1-lo o valor do d\u00e9bito exato, caso o(a) psic\u00f3logo(a) informe um valor divergente do que consta no sistema o processo n\u00e3o prosseguir\u00e1 e dever\u00e1 ser corrigido.<\/p><p>Caso n\u00e3o possua d\u00e9bito com o conselho basta preencher o formul\u00e1rio sem d\u00e9bito financeiro. Seguem formul\u00e1rios:<\/p><p>Com d\u00e9bito financeiro: <a href=\"https:\/\/crp11.org.br\/wp-content\/uploads\/2025\/01\/1-Formulario-Pedido-de-cancelamento-com-debito-Copia.pdf\">https:\/\/crp11.org.br\/wp-content\/uploads\/2025\/01\/1-Formulario-Pedido-de-cancelamento-com-debito-Copia.pdf<\/a><\/p><p>Sem d\u00e9bito financeiro:<a href=\"https:\/\/crp11.org.br\/wp-content\/uploads\/2025\/01\/2-Formulario-Pedido-de-cancelamento-sem-debito.pdf\"> https:\/\/crp11.org.br\/wp-content\/uploads\/2025\/01\/2-Formulario-Pedido-de-cancelamento-sem-debito.pdf<\/a><\/p><p>Obs: Informamos que as solicita\u00e7\u00f5es realizadas em janeiro de 2026 precisam acrescentar, no formul\u00e1rio com d\u00e9bito, o valor da anuidade de 2026 (R$ 572,90) em aberto e, se for o caso, o da multa eleitoral (R$3,51), al\u00e9m de outros poss\u00edveis d\u00e9bitos pendentes. Caso a solicita\u00e7\u00e3o seja enviada at\u00e9 31\/01\/26 pelo site, n\u00e3o haver\u00e1 a cobran\u00e7a da anuidade de 2026, conforme a Resolu\u00e7\u00e3o CRP 11 N\u00ba 01\/2021. O formul\u00e1rio dever\u00e1 ser anexado junto aos demais documentos durante o processo de requerimento, no site do CRP-11.<\/p><p>Caso voc\u00ea seja Respons\u00e1vel T\u00e9cnica (o) por uma pessoa jur\u00eddica registrada no CRP, deve ser solicitado primeiramente o desligamento da fun\u00e7\u00e3o (Resolu\u00e7\u00e3o CFP N\u00b0 003\/2007 e Resolu\u00e7\u00e3o CFP N\u00ba 11\/2018).<\/p><p>Como realizar meu PROCESSO DE CANCELAMENTO DA MINHA INSCRI\u00c7\u00c3O?<\/p><p>Acesse o requerimento de Cancelamento, no bot\u00e3o que fica localizado ap\u00f3s as instru\u00e7\u00f5es e preencha a solicita\u00e7\u00e3o;<\/p><p>Caso esteja exercendo qualquer tipo de profiss\u00e3o, deve-se OBRIGATORIAMENTE anexar documento complementar, conforme orienta\u00e7\u00f5es:<\/p><p>Nome da Institui\u00e7\u00e3o e Cargo que ocupa;<br \/>Descri\u00e7\u00e3o do cargo e fun\u00e7\u00f5es que ocupa em sua atividade profissional atual;<br \/>Requisitos para ocupa\u00e7\u00e3o do cargo (forma\u00e7\u00e3o\/experi\u00eancia);<br \/>Caso seja Professor, enviar informa\u00e7\u00f5es sobre os cursos onde leciona, disciplinas lecionadas;<br \/>Caso desenvolva Pesquisa, enviar informa\u00e7\u00f5es a respeito da \u00e1rea, objetivo e metodologia da pesquisa;<br \/>Caso seja empres\u00e1rio, anexar o CNPJ.<br \/>Envio dos formul\u00e1rios sobre a sua situa\u00e7\u00e3o financeira;<\/p><p>Observa\u00e7\u00e3o: Ap\u00f3s o recebimento da solicita\u00e7\u00e3o, o setor de Cadastro confirmar\u00e1 a documenta\u00e7\u00e3o e far\u00e1 contato para solicita\u00e7\u00e3o do envio da Carteira de Identidade Profissional.<\/p><p>PRAZO: O tempo de resposta do setor de cadastro \u00e9 de at\u00e9 10 (dez) dias \u00fateis, da formaliza\u00e7\u00e3o do pedido.<\/p><p>IMPORTANTE!<\/p><p>CASO N\u00c3O SIGA TODAS AS ETAPAS ABAIXO:<\/p><p>1-ENTREGA DA DOCUMENTA\u00c7\u00c3O;<\/p><p>2-DEVOLU\u00c7\u00c3O DA CARTEIRA DE IDENTIDADE PROFISSIONAL.<\/p><p>O PROCESSO DE CANCELAMENTO N\u00c3O SER\u00c1 CONCLU\u00cdDO E SUA INSCRI\u00c7\u00c3O PERMANECER\u00c1 ATIVA.<\/p>\t\t\t\t\t\t\t\t<\/div>\n\t\t\t\t<\/div>\n\t\t\t\t<div class=\"elementor-element elementor-element-e3658ca elementor-widget elementor-widget-button\" data-id=\"e3658ca\" data-element_type=\"widget\" data-widget_type=\"button.default\">\n\t\t\t\t<div class=\"elementor-widget-container\">\n\t\t\t\t\t\t\t\t\t<div class=\"elementor-button-wrapper\">\n\t\t\t\t\t<a class=\"elementor-button elementor-button-link elementor-size-sm\" href=\"https:\/\/cfp.brctotal.com\/crp11\/pgsRequerimento\/SelecionaRequerimento.aspx\">\n\t\t\t\t\t\t<span class=\"elementor-button-content-wrapper\">\n\t\t\t\t\t\t\t\t\t<span class=\"elementor-button-text\">Requerimento<\/span>\n\t\t\t\t\t<\/span>\n\t\t\t\t\t<\/a>\n\t\t\t\t<\/div>\n\t\t\t\t\t\t\t\t<\/div>\n\t\t\t\t<\/div>\n\t\t\t\t\t<\/div>\n\t\t<\/div>\n\t\t\t\t\t<\/div>\n\t\t<\/section>\n\t\t\t\t<\/div>\n\t\t","protected":false},"excerpt":{"rendered":"<p>Cancelamento de inscri\u00e7\u00e3o A(o) profissional que n\u00e3o est\u00e1 atuando ou se divulgando em Psicologia, poder\u00e1 solicitar o cancelamento do seu registro. Esse cancelamento se dar\u00e1 por prazo indeterminado, podendo, da [&hellip;]<\/p>\n","protected":false},"author":1,"featured_media":0,"parent":0,"menu_order":0,"comment_status":"closed","ping_status":"closed","template":"elementor_header_footer","meta":{"footnotes":""},"class_list":["post-3972","page","type-page","status-publish","hentry"],"_links":{"self":[{"href":"https:\/\/crp11.org.br\/index.php?rest_route=\/wp\/v2\/pages\/3972","targetHints":{"allow":["GET"]}}],"collection":[{"href":"https:\/\/crp11.org.br\/index.php?rest_route=\/wp\/v2\/pages"}],"about":[{"href":"https:\/\/crp11.org.br\/index.php?rest_route=\/wp\/v2\/types\/page"}],"author":[{"embeddable":true,"href":"https:\/\/crp11.org.br\/index.php?rest_route=\/wp\/v2\/users\/1"}],"replies":[{"embeddable":true,"href":"https:\/\/crp11.org.br\/index.php?rest_route=%2Fwp%2Fv2%2Fcomments&post=3972"}],"version-history":[{"count":19,"href":"https:\/\/crp11.org.br\/index.php?rest_route=\/wp\/v2\/pages\/3972\/revisions"}],"predecessor-version":[{"id":5890,"href":"https:\/\/crp11.org.br\/index.php?rest_route=\/wp\/v2\/pages\/3972\/revisions\/5890"}],"wp:attachment":[{"href":"https:\/\/crp11.org.br\/index.php?rest_route=%2Fwp%2Fv2%2Fmedia&parent=3972"}],"curies":[{"name":"wp","href":"https:\/\/api.w.org\/{rel}","templated":true}]}}