{"id":4007,"date":"2023-12-20T11:54:40","date_gmt":"2023-12-20T14:54:40","guid":{"rendered":"https:\/\/crp11.org.br\/?page_id=4007"},"modified":"2026-01-09T16:45:42","modified_gmt":"2026-01-09T19:45:42","slug":"boleto-e-anuidade-orientacoes","status":"publish","type":"page","link":"https:\/\/crp11.org.br\/?page_id=4007","title":{"rendered":"Boleto e anuidade &#8211; Orienta\u00e7\u00f5es"},"content":{"rendered":"\t\t<div data-elementor-type=\"wp-post\" data-elementor-id=\"4007\" class=\"elementor elementor-4007\" data-elementor-post-type=\"page\">\n\t\t\t\t\t\t<section class=\"elementor-section elementor-top-section elementor-element elementor-element-91f2f85 elementor-section-boxed elementor-section-height-default elementor-section-height-default\" data-id=\"91f2f85\" data-element_type=\"section\">\n\t\t\t\t\t\t<div class=\"elementor-container elementor-column-gap-default\">\n\t\t\t\t\t<div class=\"elementor-column elementor-col-100 elementor-top-column elementor-element elementor-element-dc68a36\" data-id=\"dc68a36\" data-element_type=\"column\">\n\t\t\t<div class=\"elementor-widget-wrap elementor-element-populated\">\n\t\t\t\t\t\t<div class=\"elementor-element elementor-element-a4e6750 elementor-widget elementor-widget-heading\" data-id=\"a4e6750\" data-element_type=\"widget\" data-widget_type=\"heading.default\">\n\t\t\t\t<div class=\"elementor-widget-container\">\n\t\t\t\t\t<h2 class=\"elementor-heading-title elementor-size-default\">Boleto e anuidade<\/h2>\t\t\t\t<\/div>\n\t\t\t\t<\/div>\n\t\t\t\t<div class=\"elementor-element elementor-element-5b28602 elementor-widget elementor-widget-text-editor\" data-id=\"5b28602\" data-element_type=\"widget\" data-widget_type=\"text-editor.default\">\n\t\t\t\t<div class=\"elementor-widget-container\">\n\t\t\t\t\t\t\t\t\t<p>Os boletos da anuidade de 2026\u00a0<strong>j\u00e1 est\u00e3o dispon\u00edveis<\/strong>\u00a0para emiss\u00e3o com os seguintes valores:<\/p><ul><li><strong>R$ 572,90<\/strong>\u00a0(\u00e0 vista); ou<\/li><li><strong>5 parcelas de R$ 114,58<\/strong>, em caso de pagamento parcelado.<\/li><\/ul><div>\u00a0<\/div><p><strong>OBS:<\/strong>\u00a0Ser\u00e1 concedido\u00a0<strong><span class=\"texto-vermelho\">desconto de 15% (R$ 85,93)\u00a0<\/span><\/strong>para pagamentos \u00e0 vista realizados at\u00e9<strong>\u00a0<span class=\"texto-vermelho\">31 de janeiro<\/span><\/strong>, reduzindo a anuidade para\u00a0<strong><span class=\"texto-vermelho\">R$ 486,97<\/span><\/strong>. O desconto \u00e9 aplicado automaticamente no momento da leitura do QR Code ou do c\u00f3digo de barras.<\/p><p><strong>Multa eleitoral<\/strong><\/p><p>Para as(os) profissionais que n\u00e3o votaram nas elei\u00e7\u00f5es do CRP-11 em 2025, foi acrescida uma <span style=\"color: #ff0000;\"><strong>multa eleitoral<\/strong><\/span> no valor de <span style=\"color: #ff0000;\"><strong>R$3,51 <\/strong><\/span>sobre a anuidade. A multa est\u00e1 inclu\u00edda no boleto da cota \u00fanica ou da primeira parcela da anuidade.<\/p><p>Portanto, para (as)os profissionais que possuem a multa a pagar, o boleto da cota \u00fanica foi registrado no valor de <span style=\"color: #ff0000;\"><strong>R$576,41<\/strong><\/span>, pois corresponde ao valor da anuidade (R$572,90) com o acr\u00e9scimo da multa de R$3,51. J\u00e1 o boleto da primeira parcela foi registrado no valor de <span style=\"color: #ff0000;\"><strong>R$118,09<\/strong><\/span>, pois corresponde ao valor da 1\u00ba primeira parcela (R$114,58) com o acr\u00e9scimo da multa de R$3,51. As demais parcelas permanecem no valor de R$114,58.<\/p><p>Caso seja realizado o pagamento \u00e0 vista at\u00e9 o dia 31\/01, \u00e9 concedido <strong>desconto de 15% (R$85,93),<\/strong> reduzindo a anuidade para <span style=\"color: #ff0000;\"><strong>R$490,48<\/strong><\/span>.<\/p><p><strong>ATEN\u00c7\u00c3O:<\/strong> Os boletos da cota \u00fanica e da primeira parcela aparecem dispon\u00edveis para emiss\u00e3o no final da p\u00e1gina da impress\u00e3o com o nome <strong>\u201catualiza\u00e7\u00e3o\u201d<\/strong>, conforme exemplo abaixo.<\/p><p>Ressaltamos que o boleto \u00e0 vista \u00e9 emitido no valor integral (R$576,41). O desconto de <strong>R$85,93 <\/strong>\u00e9 gerado somente no momento do pagamento, na leitura do c\u00f3digo de barras ou do QR Code.<\/p><p><img decoding=\"async\" class=\"alignnone wp-image-5923 size-medium\" src=\"https:\/\/crp11.org.br\/wp-content\/uploads\/2026\/01\/Captura-de-tela-2026-01-09-164430-300x73.png\" alt=\"\" width=\"300\" height=\"73\" srcset=\"https:\/\/crp11.org.br\/wp-content\/uploads\/2026\/01\/Captura-de-tela-2026-01-09-164430-300x73.png 300w, https:\/\/crp11.org.br\/wp-content\/uploads\/2026\/01\/Captura-de-tela-2026-01-09-164430.png 549w\" sizes=\"(max-width: 300px) 100vw, 300px\" \/><\/p><p><strong>\u00a0<\/strong><strong style=\"font-size: 1rem;\">Valores da anuidade com a multa eleitoral de R$3,51:<\/strong><\/p><ul><li><strong>\u00c0 vista:<\/strong>\u00a0R$576,41 (se paga at\u00e9 31\/01, ficar\u00e1 R$490,48, com desconto de 15%);<\/li><li><strong>Parcelado:<\/strong>\u00a01x de 118,09 + 4x de R$114,58.<\/li><\/ul><div>\u00a0<\/div><p>Clique no bot\u00e3o abaixo para acessar a p\u00e1gina de emiss\u00e3o:<\/p>\t\t\t\t\t\t\t\t<\/div>\n\t\t\t\t<\/div>\n\t\t\t\t<div class=\"elementor-element elementor-element-d313fee elementor-widget elementor-widget-button\" data-id=\"d313fee\" data-element_type=\"widget\" data-widget_type=\"button.default\">\n\t\t\t\t<div class=\"elementor-widget-container\">\n\t\t\t\t\t\t\t\t\t<div class=\"elementor-button-wrapper\">\n\t\t\t\t\t<a class=\"elementor-button elementor-button-link elementor-size-sm\" href=\"https:\/\/cfpservicos.brctotal.com\/crp11_servicosonline\/login\/loginboleto.aspx\">\n\t\t\t\t\t\t<span class=\"elementor-button-content-wrapper\">\n\t\t\t\t\t\t\t\t\t<span class=\"elementor-button-text\">Emitir boleto<\/span>\n\t\t\t\t\t<\/span>\n\t\t\t\t\t<\/a>\n\t\t\t\t<\/div>\n\t\t\t\t\t\t\t\t<\/div>\n\t\t\t\t<\/div>\n\t\t\t\t<div class=\"elementor-element elementor-element-b59e474 elementor-widget elementor-widget-text-editor\" data-id=\"b59e474\" data-element_type=\"widget\" data-widget_type=\"text-editor.default\">\n\t\t\t\t<div class=\"elementor-widget-container\">\n\t\t\t\t\t\t\t\t\t<p>\u00a0<strong>FORMADOS PELO PROUNI OU CADASTRADOS NO CAD\u00daNICO<\/strong><\/p><p>Profissionais que se formaram pelo\u00a0<strong>Prouni\u00a0<\/strong>h\u00e1 no m\u00e1ximo\u00a0<strong>2 anos<\/strong>\u00a0ou que possuam cadastro e perfil no\u00a0<strong>Cad\u00danico<\/strong>\u00a0poder\u00e3o solicitar\u00a0<strong>isen\u00e7\u00e3o de 100%\u00a0<\/strong>da anuidade de 2026<strong>\u00a0no ato da inscri\u00e7\u00e3o.<\/strong>\u00a0Esse benef\u00edcio \u00e9 concedido apenas para novas(os) inscritas(os) em 2026, ou seja, n\u00e3o se enquadra para as(os) profissionais j\u00e1 registradas(os).<\/p><p>Para as(os) profissionais que se inscreveram em 2025 e tiveram isen\u00e7\u00e3o de 100% referente ao Prouni ou ao Cad\u00danico, ser\u00e1 concedido desconto de\u00a0<strong>R$286,45 (50%)<\/strong>\u00a0sobre a anuidade de 2026 em caso de pagamento \u00e0 vista at\u00e9 o dia\u00a0<strong>31\/03.<\/strong><\/p>\t\t\t\t\t\t\t\t<\/div>\n\t\t\t\t<\/div>\n\t\t\t\t\t<\/div>\n\t\t<\/div>\n\t\t\t\t\t<\/div>\n\t\t<\/section>\n\t\t\t\t<\/div>\n\t\t","protected":false},"excerpt":{"rendered":"<p>Boleto e anuidade Os boletos da anuidade de 2026\u00a0j\u00e1 est\u00e3o dispon\u00edveis\u00a0para emiss\u00e3o com os seguintes valores: R$ 572,90\u00a0(\u00e0 vista); ou 5 parcelas de R$ 114,58, em caso de pagamento parcelado. [&hellip;]<\/p>\n","protected":false},"author":1,"featured_media":0,"parent":0,"menu_order":0,"comment_status":"closed","ping_status":"closed","template":"elementor_header_footer","meta":{"footnotes":""},"class_list":["post-4007","page","type-page","status-publish","hentry"],"_links":{"self":[{"href":"https:\/\/crp11.org.br\/index.php?rest_route=\/wp\/v2\/pages\/4007","targetHints":{"allow":["GET"]}}],"collection":[{"href":"https:\/\/crp11.org.br\/index.php?rest_route=\/wp\/v2\/pages"}],"about":[{"href":"https:\/\/crp11.org.br\/index.php?rest_route=\/wp\/v2\/types\/page"}],"author":[{"embeddable":true,"href":"https:\/\/crp11.org.br\/index.php?rest_route=\/wp\/v2\/users\/1"}],"replies":[{"embeddable":true,"href":"https:\/\/crp11.org.br\/index.php?rest_route=%2Fwp%2Fv2%2Fcomments&post=4007"}],"version-history":[{"count":73,"href":"https:\/\/crp11.org.br\/index.php?rest_route=\/wp\/v2\/pages\/4007\/revisions"}],"predecessor-version":[{"id":5926,"href":"https:\/\/crp11.org.br\/index.php?rest_route=\/wp\/v2\/pages\/4007\/revisions\/5926"}],"wp:attachment":[{"href":"https:\/\/crp11.org.br\/index.php?rest_route=%2Fwp%2Fv2%2Fmedia&parent=4007"}],"curies":[{"name":"wp","href":"https:\/\/api.w.org\/{rel}","templated":true}]}}