{"id":4030,"date":"2023-12-21T09:43:38","date_gmt":"2023-12-21T12:43:38","guid":{"rendered":"https:\/\/crp11.org.br\/?page_id=4030"},"modified":"2025-09-12T14:26:09","modified_gmt":"2025-09-12T17:26:09","slug":"certidoes","status":"publish","type":"page","link":"https:\/\/crp11.org.br\/?page_id=4030","title":{"rendered":"Certid\u00f5es"},"content":{"rendered":"\t\t<div data-elementor-type=\"wp-post\" data-elementor-id=\"4030\" class=\"elementor elementor-4030\" data-elementor-post-type=\"page\">\n\t\t\t\t\t\t<section class=\"elementor-section elementor-top-section elementor-element elementor-element-91f2f85 elementor-section-boxed elementor-section-height-default elementor-section-height-default\" data-id=\"91f2f85\" data-element_type=\"section\">\n\t\t\t\t\t\t<div class=\"elementor-container elementor-column-gap-default\">\n\t\t\t\t\t<div class=\"elementor-column elementor-col-100 elementor-top-column elementor-element elementor-element-dc68a36\" data-id=\"dc68a36\" data-element_type=\"column\">\n\t\t\t<div class=\"elementor-widget-wrap elementor-element-populated\">\n\t\t\t\t\t\t<div class=\"elementor-element elementor-element-a4e6750 elementor-widget elementor-widget-heading\" data-id=\"a4e6750\" data-element_type=\"widget\" data-widget_type=\"heading.default\">\n\t\t\t\t<div class=\"elementor-widget-container\">\n\t\t\t\t\t<h2 class=\"elementor-heading-title elementor-size-default\">Certid\u00f5es<\/h2>\t\t\t\t<\/div>\n\t\t\t\t<\/div>\n\t\t\t\t<div class=\"elementor-element elementor-element-5b28602 elementor-widget elementor-widget-text-editor\" data-id=\"5b28602\" data-element_type=\"widget\" data-widget_type=\"text-editor.default\">\n\t\t\t\t<div class=\"elementor-widget-container\">\n\t\t\t\t\t\t\t\t\t<p><strong>Documentos que podem ser emitidos pelo CRP-CE:<\/strong><\/p><ul><li>Certid\u00e3o de Regularidade de Inscri\u00e7\u00e3o;<\/li><li>Certid\u00e3o de Regularidade de Inscri\u00e7\u00e3o com T\u00edtulo Especialista;<\/li><li>Certid\u00e3o \u00c9tico-Profissional;<\/li><li>Declara\u00e7\u00e3o de Regularidade Financeira (adimpl\u00eancia).<\/li><\/ul><p>Para emiss\u00e3o das certid\u00f5es, clique sobre o bot\u00e3o de <strong>requerimento<\/strong>, localizado ap\u00f3s as instru\u00e7\u00f5es, e fa\u00e7a o login com seu e-mail e senha. Caso tenha esquecido a senha, clique em <strong>\u201crecuperar senha\u201d.<\/strong> Voc\u00ea receber\u00e1 uma mensagem no seu e-mail cadastrado com as instru\u00e7\u00f5es para redefini\u00e7\u00e3o de senha.<\/p><p>Caso seu e-mail esteja desatualizado, clique no icone\u00a0 abaixo para fazer a atualiza\u00e7\u00e3o:<\/p><p style=\"text-align: justify;\"><strong><a href=\"https:\/\/cfpservicos.brctotal.com\/crp11_servicosonline\/AreaInscrito\/Login\/AlterarEmail.aspx?capaLogin=true\" target=\"_blank\" rel=\"noopener\"><img decoding=\"async\" class=\"wp-image-5364\" src=\"https:\/\/crp11.org.br\/wp-content\/uploads\/2025\/09\/Email-240x300.jpg\" alt=\"\" width=\"94\" height=\"117\" srcset=\"https:\/\/crp11.org.br\/wp-content\/uploads\/2025\/09\/Email-240x300.jpg 240w, https:\/\/crp11.org.br\/wp-content\/uploads\/2025\/09\/Email.jpg 323w\" sizes=\"(max-width: 94px) 100vw, 94px\" \/><\/a><\/strong><\/p><p style=\"text-align: justify;\"><strong>ATEN\u00c7\u00c3O:<\/strong><\/p><ol><li><strong>A certid\u00e3o de regularidade de inscri\u00e7\u00e3o com t\u00edtulo de especialista, no momento, deve ser solicitada para o e-mail: <\/strong><a href=\"mailto:secretaria@crp11.org.br\"><strong>secretaria@crp11.org.br<\/strong><\/a><\/li><\/ol><p><strong>\u00a0<\/strong><\/p><ol start=\"2\"><li><strong>Para emiss\u00e3o da declara\u00e7\u00e3o de regularidade financeira (adimpl\u00eancia), n\u00e3o devem haver d\u00e9bitos em aberto com o Conselho. Caso exista algum parcelamento vigente (mesmo que n\u00e3o esteja em atraso), \u00e9 necess\u00e1rio solicitar a declara\u00e7\u00e3o para o e-mail: cobranca@crp11.org.br<\/strong><\/li><\/ol><p>\u00a0<\/p><p><strong>Clique no icone abaixo para o requerimento:<\/strong><\/p><p><a href=\"https:\/\/cfp.brctotal.com\/crp11\/AreaInscrito\/Login\/Login.aspx\" target=\"_blank\" rel=\"noopener\"><img decoding=\"async\" class=\"alignnone wp-image-5378\" src=\"https:\/\/crp11.org.br\/wp-content\/uploads\/2025\/09\/requerimento-240x300.webp\" alt=\"\" width=\"94\" height=\"118\" srcset=\"https:\/\/crp11.org.br\/wp-content\/uploads\/2025\/09\/requerimento-240x300.webp 240w, https:\/\/crp11.org.br\/wp-content\/uploads\/2025\/09\/requerimento.webp 479w\" sizes=\"(max-width: 94px) 100vw, 94px\" \/><\/a><\/p><p>\u00a0<\/p>\t\t\t\t\t\t\t\t<\/div>\n\t\t\t\t<\/div>\n\t\t\t\t\t<\/div>\n\t\t<\/div>\n\t\t\t\t\t<\/div>\n\t\t<\/section>\n\t\t\t\t<\/div>\n\t\t","protected":false},"excerpt":{"rendered":"<p>Certid\u00f5es Documentos que podem ser emitidos pelo CRP-CE: Certid\u00e3o de Regularidade de Inscri\u00e7\u00e3o; Certid\u00e3o de Regularidade de Inscri\u00e7\u00e3o com T\u00edtulo Especialista; Certid\u00e3o \u00c9tico-Profissional; Declara\u00e7\u00e3o de Regularidade Financeira (adimpl\u00eancia). Para emiss\u00e3o [&hellip;]<\/p>\n","protected":false},"author":6,"featured_media":0,"parent":0,"menu_order":0,"comment_status":"closed","ping_status":"closed","template":"elementor_header_footer","meta":{"footnotes":""},"class_list":["post-4030","page","type-page","status-publish","hentry"],"_links":{"self":[{"href":"https:\/\/crp11.org.br\/index.php?rest_route=\/wp\/v2\/pages\/4030","targetHints":{"allow":["GET"]}}],"collection":[{"href":"https:\/\/crp11.org.br\/index.php?rest_route=\/wp\/v2\/pages"}],"about":[{"href":"https:\/\/crp11.org.br\/index.php?rest_route=\/wp\/v2\/types\/page"}],"author":[{"embeddable":true,"href":"https:\/\/crp11.org.br\/index.php?rest_route=\/wp\/v2\/users\/6"}],"replies":[{"embeddable":true,"href":"https:\/\/crp11.org.br\/index.php?rest_route=%2Fwp%2Fv2%2Fcomments&post=4030"}],"version-history":[{"count":46,"href":"https:\/\/crp11.org.br\/index.php?rest_route=\/wp\/v2\/pages\/4030\/revisions"}],"predecessor-version":[{"id":5390,"href":"https:\/\/crp11.org.br\/index.php?rest_route=\/wp\/v2\/pages\/4030\/revisions\/5390"}],"wp:attachment":[{"href":"https:\/\/crp11.org.br\/index.php?rest_route=%2Fwp%2Fv2%2Fmedia&parent=4030"}],"curies":[{"name":"wp","href":"https:\/\/api.w.org\/{rel}","templated":true}]}}