{"id":4717,"date":"2025-03-14T16:17:26","date_gmt":"2025-03-14T19:17:26","guid":{"rendered":"https:\/\/crp11.org.br\/?page_id=4717"},"modified":"2026-02-06T16:09:32","modified_gmt":"2026-02-06T19:09:32","slug":"subsede-1","status":"publish","type":"page","link":"https:\/\/crp11.org.br\/?page_id=4717","title":{"rendered":"Subsede Cariri"},"content":{"rendered":"\t\t<div data-elementor-type=\"wp-post\" data-elementor-id=\"4717\" class=\"elementor elementor-4717\" data-elementor-post-type=\"page\">\n\t\t\t\t\t\t<section class=\"elementor-section elementor-top-section elementor-element elementor-element-9594f7b elementor-section-boxed elementor-section-height-default elementor-section-height-default\" data-id=\"9594f7b\" data-element_type=\"section\">\n\t\t\t\t\t\t<div class=\"elementor-container elementor-column-gap-default\">\n\t\t\t\t\t<div class=\"elementor-column elementor-col-100 elementor-top-column elementor-element elementor-element-8e7233e\" data-id=\"8e7233e\" data-element_type=\"column\">\n\t\t\t<div class=\"elementor-widget-wrap elementor-element-populated\">\n\t\t\t\t\t\t<div class=\"elementor-element elementor-element-aae9cb8 elementor-align-right elementor-widget__width-initial elementor-widget elementor-widget-button\" data-id=\"aae9cb8\" data-element_type=\"widget\" data-widget_type=\"button.default\">\n\t\t\t\t<div class=\"elementor-widget-container\">\n\t\t\t\t\t\t\t\t\t<div class=\"elementor-button-wrapper\">\n\t\t\t\t\t<a class=\"elementor-button elementor-button-link elementor-size-sm\" href=\"https:\/\/crp11.org.br\/?page_id=4730\">\n\t\t\t\t\t\t<span class=\"elementor-button-content-wrapper\">\n\t\t\t\t\t\t\t\t\t<span class=\"elementor-button-text\">Eventos<\/span>\n\t\t\t\t\t<\/span>\n\t\t\t\t\t<\/a>\n\t\t\t\t<\/div>\n\t\t\t\t\t\t\t\t<\/div>\n\t\t\t\t<\/div>\n\t\t\t\t\t<\/div>\n\t\t<\/div>\n\t\t\t\t\t<\/div>\n\t\t<\/section>\n\t\t\t\t<section class=\"elementor-section elementor-top-section elementor-element elementor-element-91f2f85 elementor-section-boxed elementor-section-height-default elementor-section-height-default\" data-id=\"91f2f85\" data-element_type=\"section\">\n\t\t\t\t\t\t<div class=\"elementor-container elementor-column-gap-default\">\n\t\t\t\t\t<div class=\"elementor-column elementor-col-100 elementor-top-column elementor-element elementor-element-dc68a36\" data-id=\"dc68a36\" data-element_type=\"column\">\n\t\t\t<div class=\"elementor-widget-wrap elementor-element-populated\">\n\t\t\t\t\t\t<div class=\"elementor-element elementor-element-7b80c7f elementor-widget elementor-widget-eael-adv-tabs\" data-id=\"7b80c7f\" data-element_type=\"widget\" data-widget_type=\"eael-adv-tabs.default\">\n\t\t\t\t<div class=\"elementor-widget-container\">\n\t\t\t\t\t        <div data-scroll-on-click=\"no\" data-scroll-speed=\"300\" id=\"eael-advance-tabs-7b80c7f\" class=\"eael-advance-tabs eael-tabs-horizontal eael-tab-auto-active \" data-tabid=\"7b80c7f\">\n            <div class=\"eael-tabs-nav\">\n                <ul class=\"\" role=\"tablist\">\n                                            <li id=\"estrutura-subsede-cariri\" class=\"inactive eael-tab-item-trigger eael-tab-nav-item\" aria-selected=\"true\" data-tab=\"1\" role=\"tab\" tabindex=\"0\" aria-controls=\"estrutura-subsede-cariri-tab\" aria-expanded=\"false\">\n                            \n                            \n                            \n                                                            <span class=\"eael-tab-title title-after-icon\" >Estrutura Subsede Cariri<\/span>                                                    <\/li>\n                                            <li id=\"fale-conosco\" class=\"inactive eael-tab-item-trigger eael-tab-nav-item\" aria-selected=\"false\" data-tab=\"2\" role=\"tab\" tabindex=\"-1\" aria-controls=\"fale-conosco-tab\" aria-expanded=\"false\">\n                            \n                            \n                            \n                                                            <span class=\"eael-tab-title title-after-icon\" >Fale Conosco<\/span>                                                    <\/li>\n                                    <\/ul>\n            <\/div>\n            \n            <div class=\"eael-tabs-content\">\n\t\t        \n                    <div id=\"estrutura-subsede-cariri-tab\" class=\"clearfix eael-tab-content-item inactive\" data-title-link=\"estrutura-subsede-cariri-tab\">\n\t\t\t\t        <p><strong>Endere\u00e7o:<\/strong> Edif\u00edcio Unique, Torre Business &#8211; Rua Raimundo Machado da Silva, 40, Tri\u00e2ngulo, 18\u00b0 andar, salas 1804 e 1805, 63041-187, Juazeiro\u00a0do\u00a0Norte,\u00a0Cear\u00e1<br \/><strong>Telefones:<\/strong> (88) 98155-2109 \/ (85) 99104-6789<\/p>                    <\/div>\n\t\t        \n                    <div id=\"fale-conosco-tab\" class=\"clearfix eael-tab-content-item inactive\" data-title-link=\"fale-conosco-tab\">\n\t\t\t\t                            <\/div>\n\t\t                    <\/div>\n        <\/div>\n\t\t\t\t<\/div>\n\t\t\t\t<\/div>\n\t\t\t\t\t<\/div>\n\t\t<\/div>\n\t\t\t\t\t<\/div>\n\t\t<\/section>\n\t\t\t\t<\/div>\n\t\t","protected":false},"excerpt":{"rendered":"<p>Eventos Estrutura Subsede Cariri Fale Conosco Endere\u00e7o: Edif\u00edcio Unique, Torre Business &#8211; Rua Raimundo Machado da Silva, 40, Tri\u00e2ngulo, 18\u00b0 andar, salas 1804 e 1805, 63041-187, Juazeiro\u00a0do\u00a0Norte,\u00a0Cear\u00e1Telefones: (88) 98155-2109 \/ [&hellip;]<\/p>\n","protected":false},"author":6,"featured_media":0,"parent":0,"menu_order":0,"comment_status":"closed","ping_status":"open","template":"elementor_header_footer","meta":{"footnotes":""},"class_list":["post-4717","page","type-page","status-publish","hentry"],"_links":{"self":[{"href":"https:\/\/crp11.org.br\/index.php?rest_route=\/wp\/v2\/pages\/4717","targetHints":{"allow":["GET"]}}],"collection":[{"href":"https:\/\/crp11.org.br\/index.php?rest_route=\/wp\/v2\/pages"}],"about":[{"href":"https:\/\/crp11.org.br\/index.php?rest_route=\/wp\/v2\/types\/page"}],"author":[{"embeddable":true,"href":"https:\/\/crp11.org.br\/index.php?rest_route=\/wp\/v2\/users\/6"}],"replies":[{"embeddable":true,"href":"https:\/\/crp11.org.br\/index.php?rest_route=%2Fwp%2Fv2%2Fcomments&post=4717"}],"version-history":[{"count":38,"href":"https:\/\/crp11.org.br\/index.php?rest_route=\/wp\/v2\/pages\/4717\/revisions"}],"predecessor-version":[{"id":5963,"href":"https:\/\/crp11.org.br\/index.php?rest_route=\/wp\/v2\/pages\/4717\/revisions\/5963"}],"wp:attachment":[{"href":"https:\/\/crp11.org.br\/index.php?rest_route=%2Fwp%2Fv2%2Fmedia&parent=4717"}],"curies":[{"name":"wp","href":"https:\/\/api.w.org\/{rel}","templated":true}]}}