{"id":4913,"date":"2025-03-26T18:27:58","date_gmt":"2025-03-26T21:27:58","guid":{"rendered":"https:\/\/crp11.org.br\/?page_id=4913"},"modified":"2025-11-27T16:51:28","modified_gmt":"2025-11-27T19:51:28","slug":"licitacao-pagina-inicial","status":"publish","type":"page","link":"https:\/\/crp11.org.br\/?page_id=4913","title":{"rendered":"Licita\u00e7\u00e3o Pagina Inicial"},"content":{"rendered":"\t\t<div data-elementor-type=\"wp-post\" data-elementor-id=\"4913\" class=\"elementor elementor-4913\" data-elementor-post-type=\"page\">\n\t\t\t\t<div class=\"elementor-element elementor-element-9a0888e e-con-full e-flex e-con e-parent\" data-id=\"9a0888e\" data-element_type=\"container\">\n\t\t\t\t<div class=\"elementor-element elementor-element-aa41e6d elementor-widget__width-inherit elementor-widget elementor-widget-text-editor\" data-id=\"aa41e6d\" data-element_type=\"widget\" data-widget_type=\"text-editor.default\">\n\t\t\t\t<div class=\"elementor-widget-container\">\n\t\t\t\t\t\t\t\t\t<p>Ultimas Licita\u00e7\u00f5es<\/p>\n<table>\n<tbody>\n<tr>\n<td width=\"142\">\n<p>Modalidade<\/p>\n<p>Numero da Licita\u00e7\u00e3o<\/p>\n<\/td>\n<td width=\"142\">\n<p>Publica\u00e7\u00e3o:<\/p>\n<p>Objeto:<\/p>\n<\/td>\n<td width=\"142\">\n<p>Situa\u00e7\u00e3o:<\/p>\n<p>Data de Abertura:<\/p>\n<\/td>\n<td width=\"58\">Mais<\/td>\n<\/tr>\n<tr>\n<td width=\"142\"><strong>Chamamento P\u00fablico<\/strong><br>001\/2025 &#8211; EDITAL DE CREDENCIAMENTO<\/td>\n<td width=\"142\">\n<p>PUBLICA\u00c7\u00c3O: 13\/06\/2025 \/ TIPO: Processo de Credenciamento<\/p>\n<p>Chamamento p\u00fablico para o credenciamento de pessoas jur\u00eddicas de direito privado, com o intuito de formalizar parcerias para a concess\u00e3o de descontos e benef\u00edcios em seus servi\u00e7os ou no fornecimento de bens. [<a style=\"color: blue;\" href=\"https:\/\/crp11.org.br\/wp-content\/uploads\/2025\/06\/pul-site.pdf\">Mais<\/a>]<\/p>\n<\/td>\n<td width=\"142\">\n<p>ABERTA<\/p>\n<p><strong>13\/06\/2025<\/strong><\/p>\n<\/td>\n<td width=\"58\"><a href=\"https:\/\/crp11.org.br\/?page_id=4831\"><img decoding=\"async\" class=\"alignnone wp-image-4915 size-full\" src=\"https:\/\/crp11.org.br\/wp-content\/uploads\/2025\/03\/Icone.jpg\" alt=\"\" width=\"30\" height=\"28\"><\/a><\/td>\n<\/tr>\n<tr>\n<td width=\"142\">\n<p><strong>Chamamento P\u00fablico<\/strong><\/p>\n<p>AVISO DE LICITA\u00c7\u00c3O PREG\u00c3O ELETR\u00d4NICO N\u00ba 001\/2025 \u2013 UASG &#8211; 389478<\/p>\n<\/td>\n<td width=\"142\">\n<p style=\"text-align: justify;\">N\u00ba do processo administrativo SEI: 571100475000015202519.<\/p>\n<p style=\"text-align: justify;\">O Conselho Regional de Psicologia da 11\u00aa Regi\u00e3o, torna p\u00fablico que realizar\u00e1 no dia 15\/12\/2025 \u00e0s 10h00min &#8211; (Hor\u00e1rio de Bras\u00edlia) licita\u00e7\u00e3o na modalidade Preg\u00e3o &#8211; SRP Sistema de Registro de Pre\u00e7os, na forma Eletr\u00f4nica, cujo o objeto \u00e9 o registro de pre\u00e7os para eventual e futura aquisi\u00e7\u00e3o de equipamentos eletr\u00f4nicos e de inform\u00e1tica, conforme condi\u00e7\u00f5es, especifica\u00e7\u00f5es e quantidades, constantes no Edital. LAN\u00c7AMENTO E ENVIO DA(S) PROPOSTA(S) NO PORTAL DE COMPRAS DO GOVERNO FEDERAL &#8211; Entre os dias 01\/12\/2025 a 14\/12\/2025. IN\u00cdCIO DA SESS\u00c3O: No dia 15\/12\/2025 \u00e0s 10h00min. EDITAL disponibilizado em: www.comprasgovernamentais.gov.br e no site: https:\/\/www.crp11.org.br INFORMA\u00c7\u00d5ES: <a href=\"mailto:licitacao@crp11.gov.br\">licitacao@crp11.gov.br<\/a>.<\/p>\n<p style=\"text-align: justify;\">\n<\/p><\/td>\n<td width=\"142\">\n<p>ABERTA<\/p>\n<p><strong>01\/12\/2025<\/strong><\/p>\n<\/td>\n<td width=\"58\"><a href=\"https:\/\/crp11.org.br\/?page_id=5169\"><img decoding=\"async\" class=\"alignnone wp-image-4915 size-full\" src=\"https:\/\/crp11.org.br\/wp-content\/uploads\/2025\/03\/Icone.jpg\" alt=\"\" width=\"30\" height=\"28\"><\/a><\/td>\n<\/tr>\n<tr>\n<td width=\"142\"><strong>Chamamento P\u00fablico<\/strong><br>AVISO DE LICITA\u00c7\u00c3O PREG\u00c3O ELETR\u00d4NICO N\u00ba 002\/2025 \u2013 UASG &#8211; 389478<\/td>\n<td width=\"142\">\n<p style=\"text-align: justify;\">N\u00ba do processo administrativo SEI: 571100475000062202562.<\/p>\n<p style=\"text-align: justify;\">O Conselho Regional de Psicologia da 11\u00aa Regi\u00e3o, torna p\u00fablico que realizar\u00e1 no dia 12\/12\/2025 \u00e0s 10h00min &#8211; (Hor\u00e1rio de Bras\u00edlia) licita\u00e7\u00e3o na modalidade Preg\u00e3o, na forma Eletr\u00f4nica, cujo o objeto \u00e9 a aquisi\u00e7\u00e3o de&nbsp;m\u00f3veis modulados e\/ou projetados para a estrutura\u00e7\u00e3o e ambienta\u00e7\u00e3o dos espa\u00e7os f\u00edsicos da sede do Conselho Regional de Psicologia da 11\u00aa Regi\u00e3o, conforme condi\u00e7\u00f5es, especifica\u00e7\u00f5es e quantidades, constantes no Edital. LAN\u00c7AMENTO E ENVIO DA(S) PROPOSTA(S) NO PORTAL DE COMPRAS DO GOVERNO FEDERAL &#8211; Entre os dias 01\/12\/2025 a 11\/12\/2025.IN\u00cdCIO DA SESS\u00c3O: No dia 12\/12\/2025 \u00e0s 10h00min. EDITAL disponibilizado em: www.comprasgovernamentais.gov.br e no site: http:\/\/www.crp11.gov.br INFORMA\u00c7\u00d5ES: <a href=\"mailto:licitacao@crp11.gov.br\">licitacao@crp11.gov.br<\/a>.<\/p>\n<\/td>\n<td style=\"text-align: justify;\" width=\"142\">\n<p>ABERTA<\/p>\n<p><strong>01\/12\/2025<\/strong><\/p>\n<\/td>\n<td style=\"text-align: justify;\" width=\"58\"><a href=\"https:\/\/crp11.org.br\/?page_id=5723\"><img decoding=\"async\" class=\"alignnone wp-image-4915 size-full\" src=\"https:\/\/crp11.org.br\/wp-content\/uploads\/2025\/03\/Icone.jpg\" alt=\"\" width=\"30\" height=\"28\"><\/a><\/td>\n<\/tr>\n<\/tbody>\n<\/table>\t\t\t\t\t\t\t\t<\/div>\n\t\t\t\t<\/div>\n\t\t\t\t<\/div>\n\t\t\t\t<\/div>\n\t\t","protected":false},"excerpt":{"rendered":"<p>Ultimas Licita\u00e7\u00f5es Modalidade Numero da Licita\u00e7\u00e3o Publica\u00e7\u00e3o: Objeto: Situa\u00e7\u00e3o: Data de Abertura: Mais Chamamento P\u00fablico001\/2025 &#8211; EDITAL DE CREDENCIAMENTO PUBLICA\u00c7\u00c3O: 13\/06\/2025 \/ TIPO: Processo de Credenciamento Chamamento p\u00fablico para o [&hellip;]<\/p>\n","protected":false},"author":6,"featured_media":0,"parent":0,"menu_order":0,"comment_status":"closed","ping_status":"open","template":"elementor_header_footer","meta":{"footnotes":""},"class_list":["post-4913","page","type-page","status-publish","hentry"],"_links":{"self":[{"href":"https:\/\/crp11.org.br\/index.php?rest_route=\/wp\/v2\/pages\/4913","targetHints":{"allow":["GET"]}}],"collection":[{"href":"https:\/\/crp11.org.br\/index.php?rest_route=\/wp\/v2\/pages"}],"about":[{"href":"https:\/\/crp11.org.br\/index.php?rest_route=\/wp\/v2\/types\/page"}],"author":[{"embeddable":true,"href":"https:\/\/crp11.org.br\/index.php?rest_route=\/wp\/v2\/users\/6"}],"replies":[{"embeddable":true,"href":"https:\/\/crp11.org.br\/index.php?rest_route=%2Fwp%2Fv2%2Fcomments&post=4913"}],"version-history":[{"count":35,"href":"https:\/\/crp11.org.br\/index.php?rest_route=\/wp\/v2\/pages\/4913\/revisions"}],"predecessor-version":[{"id":5785,"href":"https:\/\/crp11.org.br\/index.php?rest_route=\/wp\/v2\/pages\/4913\/revisions\/5785"}],"wp:attachment":[{"href":"https:\/\/crp11.org.br\/index.php?rest_route=%2Fwp%2Fv2%2Fmedia&parent=4913"}],"curies":[{"name":"wp","href":"https:\/\/api.w.org\/{rel}","templated":true}]}}