{"id":5830,"date":"2025-12-11T10:51:11","date_gmt":"2025-12-11T13:51:11","guid":{"rendered":"https:\/\/crp11.org.br\/?page_id=5830"},"modified":"2025-12-11T10:51:37","modified_gmt":"2025-12-11T13:51:37","slug":"isenca-de-anuidade-por-doenca","status":"publish","type":"page","link":"https:\/\/crp11.org.br\/?page_id=5830","title":{"rendered":"Isen\u00e7a de Anuidade por Doen\u00e7a"},"content":{"rendered":"\t\t<div data-elementor-type=\"wp-page\" data-elementor-id=\"5830\" class=\"elementor elementor-5830\" data-elementor-post-type=\"page\">\n\t\t\t\t\t\t<section class=\"elementor-section elementor-top-section elementor-element elementor-element-654b2f9a elementor-section-boxed elementor-section-height-default elementor-section-height-default\" data-id=\"654b2f9a\" data-element_type=\"section\">\n\t\t\t\t\t\t<div class=\"elementor-container elementor-column-gap-default\">\n\t\t\t\t\t<div class=\"elementor-column elementor-col-100 elementor-top-column elementor-element elementor-element-9b55a0\" data-id=\"9b55a0\" data-element_type=\"column\">\n\t\t\t<div class=\"elementor-widget-wrap elementor-element-populated\">\n\t\t\t\t\t\t<div class=\"elementor-element elementor-element-6fb8f306 elementor-widget elementor-widget-heading\" data-id=\"6fb8f306\" data-element_type=\"widget\" data-widget_type=\"heading.default\">\n\t\t\t\t<div class=\"elementor-widget-container\">\n\t\t\t\t\t<h2 class=\"elementor-heading-title elementor-size-default\">Isen\u00e7\u00e3o de anuidade por doen\u00e7a \u2013 Abrang\u00eancia IRRF<\/h2>\t\t\t\t<\/div>\n\t\t\t\t<\/div>\n\t\t\t\t<div class=\"elementor-element elementor-element-2215a24f elementor-widget elementor-widget-text-editor\" data-id=\"2215a24f\" data-element_type=\"widget\" data-widget_type=\"text-editor.default\">\n\t\t\t\t<div class=\"elementor-widget-container\">\n\t\t\t\t\t\t\t\t\t<p>O Conselho Regional de Psicologia da 11\u00aa Regi\u00e3o poder\u00e1 isentar a(o)s psic\u00f3loga(o)s do pagamento de anuidades aos acometidos de tuberculose ativa, aliena\u00e7\u00e3o mental, esclerose m\u00faltipla, neoplasia maligna, cegueira, hansen\u00edase, paralisia irrevers\u00edvel e incapacitante, cardiopatia grave, doen\u00e7a de Parkinson, espondiloartrose anquilosante, nefropatia grave, estados avan\u00e7ados da doen\u00e7a de Paget (oste\u00edte deformante), contamina\u00e7\u00e3o por radia\u00e7\u00e3o, s\u00edndrome da imunodefici\u00eancia adquirida (AIDS), hepatopatia grave e fibrose c\u00edstica (mucoviscidose), e outras doen\u00e7as que venham a ser alcan\u00e7adas pela legisla\u00e7\u00e3o do imposto de renda.<\/p><p><strong>Aten\u00e7\u00e3o:<\/strong><\/p><ol><li>Para efeito de reconhecimento de isen\u00e7\u00e3o, a condi\u00e7\u00e3o de a sa\u00fade deve ser comprovada mediante <strong>laudo pericial<\/strong> emitido por profissional devidamente registrado no CRP ou CRM, devendo ser fixado o <strong>prazo de validade<\/strong> do laudo pericial, no caso de <strong>doen\u00e7as pass\u00edveis de controle.<\/strong><\/li><li>O deferimento do pedido de isen\u00e7\u00e3o n\u00e3o \u00e9 retroativo, portanto, <strong>n\u00e3o cancela d\u00e9bitos j\u00e1 existentes<\/strong>. Caso deferido, o pedido come\u00e7a a contar a partir da data do requerimento.<\/li><\/ol>\t\t\t\t\t\t\t\t<\/div>\n\t\t\t\t<\/div>\n\t\t\t\t<div class=\"elementor-element elementor-element-2ed07af1 elementor-widget elementor-widget-button\" data-id=\"2ed07af1\" data-element_type=\"widget\" data-widget_type=\"button.default\">\n\t\t\t\t<div class=\"elementor-widget-container\">\n\t\t\t\t\t\t\t\t\t<div class=\"elementor-button-wrapper\">\n\t\t\t\t\t<a class=\"elementor-button elementor-button-link elementor-size-sm\" href=\"https:\/\/cfp.brctotal.com\/crp11\/AreaInscrito\/Login\/Login.aspx\" target=\"_blank\">\n\t\t\t\t\t\t<span class=\"elementor-button-content-wrapper\">\n\t\t\t\t\t\t\t\t\t<span class=\"elementor-button-text\">Requerimento<\/span>\n\t\t\t\t\t<\/span>\n\t\t\t\t\t<\/a>\n\t\t\t\t<\/div>\n\t\t\t\t\t\t\t\t<\/div>\n\t\t\t\t<\/div>\n\t\t\t\t\t<\/div>\n\t\t<\/div>\n\t\t\t\t\t<\/div>\n\t\t<\/section>\n\t\t\t\t<\/div>\n\t\t","protected":false},"excerpt":{"rendered":"<p>Isen\u00e7\u00e3o de anuidade por doen\u00e7a \u2013 Abrang\u00eancia IRRF O Conselho Regional de Psicologia da 11\u00aa Regi\u00e3o poder\u00e1 isentar a(o)s psic\u00f3loga(o)s do pagamento de anuidades aos acometidos de tuberculose ativa, aliena\u00e7\u00e3o [&hellip;]<\/p>\n","protected":false},"author":6,"featured_media":0,"parent":0,"menu_order":0,"comment_status":"closed","ping_status":"closed","template":"elementor_header_footer","meta":{"footnotes":""},"class_list":["post-5830","page","type-page","status-publish","hentry"],"_links":{"self":[{"href":"https:\/\/crp11.org.br\/index.php?rest_route=\/wp\/v2\/pages\/5830","targetHints":{"allow":["GET"]}}],"collection":[{"href":"https:\/\/crp11.org.br\/index.php?rest_route=\/wp\/v2\/pages"}],"about":[{"href":"https:\/\/crp11.org.br\/index.php?rest_route=\/wp\/v2\/types\/page"}],"author":[{"embeddable":true,"href":"https:\/\/crp11.org.br\/index.php?rest_route=\/wp\/v2\/users\/6"}],"replies":[{"embeddable":true,"href":"https:\/\/crp11.org.br\/index.php?rest_route=%2Fwp%2Fv2%2Fcomments&post=5830"}],"version-history":[{"count":4,"href":"https:\/\/crp11.org.br\/index.php?rest_route=\/wp\/v2\/pages\/5830\/revisions"}],"predecessor-version":[{"id":5834,"href":"https:\/\/crp11.org.br\/index.php?rest_route=\/wp\/v2\/pages\/5830\/revisions\/5834"}],"wp:attachment":[{"href":"https:\/\/crp11.org.br\/index.php?rest_route=%2Fwp%2Fv2%2Fmedia&parent=5830"}],"curies":[{"name":"wp","href":"https:\/\/api.w.org\/{rel}","templated":true}]}}