{"id":5964,"date":"2026-02-10T14:36:43","date_gmt":"2026-02-10T17:36:43","guid":{"rendered":"https:\/\/crp11.org.br\/?page_id=5964"},"modified":"2026-05-11T13:35:55","modified_gmt":"2026-05-11T16:35:55","slug":"dispensa-e-inexigibilidade-pagina-inicial-2026","status":"publish","type":"page","link":"https:\/\/crp11.org.br\/?page_id=5964","title":{"rendered":"Dispensa e Inexigibilidade Pagina Inicial &#8211; 2026"},"content":{"rendered":"\t\t<div data-elementor-type=\"wp-post\" data-elementor-id=\"5964\" class=\"elementor elementor-5964\" data-elementor-post-type=\"page\">\n\t\t\t\t<div class=\"elementor-element elementor-element-9a0888e e-flex e-con-boxed e-con e-parent\" data-id=\"9a0888e\" data-element_type=\"container\">\n\t\t\t\t\t<div class=\"e-con-inner\">\n\t\t\t\t<div class=\"elementor-element elementor-element-aa41e6d elementor-widget__width-inherit elementor-widget elementor-widget-text-editor\" data-id=\"aa41e6d\" data-element_type=\"widget\" data-widget_type=\"text-editor.default\">\n\t\t\t\t<div class=\"elementor-widget-container\">\n\t\t\t\t\t\t\t\t\t<p style=\"text-align: justify;\"><strong>\u00daltimas Dispensas<\/strong><\/p><p><!-- Corrigido: a linha 077\/2025 estava com colunas a mais; aqui fica padr\u00e3o 4 colunas --><\/p><table style=\"width: 707px; table-layout: fixed;\"><colgroup> <col style=\"width: 160px;\" \/><\/colgroup> <colgroup> <col style=\"width: 600px;\" \/> <!-- Publica\u00e7\u00e3o \/ Objeto --> <\/colgroup> <colgroup> <col style=\"width: 142px;\" \/> <col style=\"width: 50px;\" \/> <!-- Mais --><\/colgroup><tbody><tr><td><strong>N\u00b0 da Dispensa<\/strong><\/td><td><strong>Objeto:<\/strong><\/td><td><strong>Situa\u00e7\u00e3o:<\/strong><\/td><td><strong>Mais<\/strong><\/td><\/tr><tr><td>\u00a001\/2026<\/td><td style=\"text-align: justify;\">\u00a0<span class=\"Item_Nivel2\" style=\"font-family: Calibri; font-size: 16px;\"><a target=\"_blank\" name=\"_Ref172095982\"><\/a>Contrata\u00e7\u00e3o de\u00a0servi\u00e7o de receptivo (coffee break) personalizado, n\u00e3o cont\u00ednuo, de fornecimento de coffee break, nos termos da tabela abaixo, conforme condi\u00e7\u00f5es e exig\u00eancias estabelecidas neste\u00a0<a target=\"_blank\">instrumento<\/a><\/span><span style=\"font-family: Calibri; font-size: 10pt;\"><span style=\"font-family: Ecofont_Spranq_eco_Sans, sans-serif;\"><i>.<\/i><\/span><\/span><\/td><td>Encerrada<\/td><td><a href=\"https:\/\/pncp.gov.br\/app\/editais\/37115524000138\/2026\/4\"><img decoding=\"async\" class=\"alignnone wp-image-4915 size-full\" src=\"https:\/\/crp11.org.br\/wp-content\/uploads\/2025\/03\/Icone.jpg\" alt=\"\" width=\"30\" height=\"28\" \/><\/a><\/td><\/tr><tr><td>\u00a002\/2026<\/td><td style=\"text-align: justify;\"><span class=\"Item_Nivel2\"><a target=\"_blank\" name=\"_Ref172095982\"><\/a>Contrata\u00e7\u00e3o de\u00a0<\/span>CONTRATA\u00c7\u00c3O DA PRESTA\u00c7\u00c3O DE SERVI\u00c7O DE MONITORAMENTO ELETRONICO 24 HORAS COM ALARMES E C\u00c2MERAS para o CRP-11 Sede.<span class=\"Item_Nivel2\"><a target=\"_blank\" name=\"_Ref172095982\"><\/a>, nos termos da tabela abaixo, conforme condi\u00e7\u00f5es e exig\u00eancias estabelecidas neste\u00a0<a target=\"_blank\">instrumento<\/a><\/span><i>.<\/i><\/td><td>Encerrada<\/td><td>&#8230;<\/td><\/tr><tr><td>\u00a003\/2026<\/td><td style=\"text-align: justify;\">Contrata\u00e7\u00e3o de empresa especializada no fornecimento de sistema informatizado de Departamento Pessoal, a ser utilizado pelos setores de Contabilidade e Departamento de Pessoas do CRP-11<\/td><td>Encerrada<\/td><td><a href=\"http:\/\/https:\/\/pncp.gov.br\/app\/editais\/37115524000138\/2026\/5\"><img decoding=\"async\" class=\"alignnone wp-image-4915 size-full\" src=\"https:\/\/crp11.org.br\/wp-content\/uploads\/2025\/03\/Icone.jpg\" alt=\"\" width=\"30\" height=\"28\" \/><\/a><\/td><\/tr><tr><td>\u00a004\/2026<\/td><td style=\"text-align: justify;\">\u00a0<a style=\"color: #000000; font-family: Calibri; font-size: 16px;\" target=\"_blank\" name=\"_Ref172095982\"><\/a>Contrata\u00e7\u00e3o de\u00a0servi\u00e7o de receptivo (coffee break) personalizado, n\u00e3o cont\u00ednuo, de fornecimento de coffee break, suficiente para atender um p\u00fablico de 35 pessoas, nos termos da tabela abaixo, conforme condi\u00e7\u00f5es e exig\u00eancias estabelecidas neste\u00a0<a style=\"color: #000000; font-family: Calibri; font-size: 16px;\" target=\"_blank\">instrumento<\/a><i style=\"font-family: Calibri; font-size: 16px;\">.<\/i><\/td><td>Encerrada<\/td><td><a href=\"https:\/\/pncp.gov.br\/app\/editais\/37115524000138\/2026\/6\"><img decoding=\"async\" class=\"alignnone wp-image-4915 size-full\" src=\"https:\/\/crp11.org.br\/wp-content\/uploads\/2025\/03\/Icone.jpg\" alt=\"\" width=\"30\" height=\"28\" \/><\/a><\/td><\/tr><tr><td>05\/2026<\/td><td style=\"text-align: justify;\">Contrata\u00e7\u00e3o de empresa especializada na presta\u00e7\u00e3o de servi\u00e7os de limpeza por demanda, a serem executados na sede do Conselho Regional de Psicologia da 11\u00aa Regi\u00e3o \u2013 CRP-11<\/td><td>Em fase de an\u00e1lise de propostas<\/td><td><img decoding=\"async\" class=\"alignnone wp-image-4915 size-full\" src=\"https:\/\/crp11.org.br\/wp-content\/uploads\/2025\/03\/Icone.jpg\" alt=\"\" width=\"30\" height=\"28\" \/><\/td><\/tr><tr><td>06\/2026<\/td><td style=\"text-align: justify;\">Contrata\u00e7\u00e3o de provedor de internet para presta\u00e7\u00e3o de servi\u00e7o cont\u00ednuo de acesso dedicado \u00e0 internet, por meio de fibra \u00f3ptica, na sede do Conselho Regional de Psicologia da 11\u00aa Regi\u00e3o \u2013 CRP-11, nos termos da tabela abaixo, conforme condi\u00e7\u00f5es e exig\u00eancias estabelecidas neste instrumento.<\/td><td>Em fase de recebimento de propostas<\/td><td><p><a href=\"https:\/\/crp11.org.br\/wp-content\/uploads\/2025\/03\/Icone.jpg\"><img decoding=\"async\" class=\"alignnone wp-image-4915 size-full\" src=\"https:\/\/crp11.org.br\/wp-content\/uploads\/2025\/03\/Icone.jpg\" alt=\"\" width=\"30\" height=\"28\" \/><\/a><\/p><\/td><\/tr><tr><td>\u00a007\/2026\u00a0<\/td><td style=\"text-align: justify;\">Contrata\u00e7\u00e3o para aquisi\u00e7\u00e3o de equipamentos de infraestrutura de rede e de<br \/>servi\u00e7os t\u00e9cnicos especializados para instala\u00e7\u00e3o, organiza\u00e7\u00e3o e finaliza\u00e7\u00e3o de cabeamento<br \/>estruturado, destinados \u00e0 adequa\u00e7\u00e3o e implementa\u00e7\u00e3o do ambiente de tecnologia da<br \/>informa\u00e7\u00e3o na sede do Conselho Regional de Psicologia da 11\u00aa Regi\u00e3o \u2013 CRP-11,<\/td><td><p>Encerrada\u00a0<\/p><\/td><td><img decoding=\"async\" class=\"alignnone wp-image-4915 size-full\" src=\"https:\/\/crp11.org.br\/wp-content\/uploads\/2025\/03\/Icone.jpg\" alt=\"\" width=\"30\" height=\"28\" \/><\/td><\/tr><tr><td>08\/2026<\/td><td style=\"text-align: justify;\">Aquisi\u00e7\u00e3o de 04 (quatro) notebooks, novos, de primeiro uso, com tela de 15,6<br \/>polegadas e especifica\u00e7\u00f5es t\u00e9cnicas compat\u00edveis com as demandas administrativas<br \/>do Conselho Regional de Psicologia da 11\u00aa Regi\u00e3o \u2013 CRP-11, devendo possuir, no<br \/>m\u00ednimo, processador Intel Core i5 de 12\u00aa gera\u00e7\u00e3o ou superior, mem\u00f3ria RAM de 8<br \/>GB e unidade de armazenamento SSD de 512 GB, com sistema operacional Windows<br \/>11 PRO original, devidamente instalado e ativado, incluindo garantia m\u00ednima<\/td><td><p>Em processo\u00a0<\/p><\/td><td><img decoding=\"async\" class=\"alignnone wp-image-4915 size-full\" src=\"https:\/\/crp11.org.br\/wp-content\/uploads\/2025\/03\/Icone.jpg\" alt=\"\" width=\"30\" height=\"28\" \/><\/td><\/tr><tr><td>09\/20206\u00a0<\/td><td style=\"text-align: justify;\">Contrata\u00e7\u00e3o de servi\u00e7os de impress\u00e3o gr\u00e1fica de material editorial<br \/>institucional, consistente no eBook \u201cOrienta\u00e7\u00f5es Fundamentais sobre os Conselhos de<br \/>Psicologia\u201d,<\/td><td><p>Em processo\u00a0<\/p><p>\u00a0<\/p><\/td><td><img decoding=\"async\" class=\"alignnone wp-image-4915 size-full\" src=\"https:\/\/crp11.org.br\/wp-content\/uploads\/2025\/03\/Icone.jpg\" alt=\"\" width=\"30\" height=\"28\" \/><\/td><\/tr><tr><td>\u00a0<\/td><td style=\"text-align: justify;\">\u00a0<\/td><td>\u00a0<\/td><td><img decoding=\"async\" class=\"alignnone wp-image-4915 size-full\" src=\"https:\/\/crp11.org.br\/wp-content\/uploads\/2025\/03\/Icone.jpg\" alt=\"\" width=\"30\" height=\"28\" \/><\/td><\/tr><tr><td>\u00a0<\/td><td style=\"text-align: justify;\">\u00a0<\/td><td>\u00a0<\/td><td><img decoding=\"async\" class=\"alignnone wp-image-4915 size-full\" src=\"https:\/\/crp11.org.br\/wp-content\/uploads\/2025\/03\/Icone.jpg\" alt=\"\" width=\"30\" height=\"28\" \/><\/td><\/tr><tr><td>\u00a0<\/td><td style=\"text-align: justify;\">\u00a0<\/td><td>\u00a0<\/td><td><img decoding=\"async\" class=\"alignnone wp-image-4915 size-full\" src=\"https:\/\/crp11.org.br\/wp-content\/uploads\/2025\/03\/Icone.jpg\" alt=\"\" width=\"30\" height=\"28\" \/><\/td><\/tr><tr><td>\u00a0<\/td><td style=\"text-align: justify;\">\u00a0<\/td><td>\u00a0<\/td><td><img decoding=\"async\" class=\"alignnone wp-image-4915 size-full\" src=\"https:\/\/crp11.org.br\/wp-content\/uploads\/2025\/03\/Icone.jpg\" alt=\"\" width=\"30\" height=\"28\" \/><\/td><\/tr><tr><td>\u00a0<\/td><td style=\"text-align: justify;\">\u00a0<\/td><td>\u00a0<\/td><td><img decoding=\"async\" class=\"alignnone wp-image-4915 size-full\" src=\"https:\/\/crp11.org.br\/wp-content\/uploads\/2025\/03\/Icone.jpg\" alt=\"\" width=\"30\" height=\"28\" \/><\/td><\/tr><tr><td>\u00a0<\/td><td style=\"text-align: justify;\">\u00a0<\/td><td>\u00a0<\/td><td><img decoding=\"async\" class=\"alignnone wp-image-4915 size-full\" src=\"https:\/\/crp11.org.br\/wp-content\/uploads\/2025\/03\/Icone.jpg\" alt=\"\" width=\"30\" height=\"28\" \/><\/td><\/tr><tr><td>\u00a0<\/td><td style=\"text-align: justify;\">\u00a0<\/td><td>\u00a0<\/td><td><img decoding=\"async\" class=\"alignnone wp-image-4915 size-full\" src=\"https:\/\/crp11.org.br\/wp-content\/uploads\/2025\/03\/Icone.jpg\" alt=\"\" width=\"30\" height=\"28\" \/><\/td><\/tr><tr><td>\u00a0<\/td><td style=\"text-align: justify;\">\u00a0<\/td><td>\u00a0<\/td><td><img decoding=\"async\" class=\"alignnone wp-image-4915 size-full\" src=\"https:\/\/crp11.org.br\/wp-content\/uploads\/2025\/03\/Icone.jpg\" alt=\"\" width=\"30\" height=\"28\" \/><\/td><\/tr><tr><td>\u00a0<\/td><td style=\"text-align: justify;\">\u00a0<\/td><td>\u00a0<\/td><td><img decoding=\"async\" class=\"alignnone wp-image-4915 size-full\" src=\"https:\/\/crp11.org.br\/wp-content\/uploads\/2025\/03\/Icone.jpg\" alt=\"\" width=\"30\" height=\"28\" \/><\/td><\/tr><tr><td>\u00a0<\/td><td style=\"text-align: justify;\">\u00a0<\/td><td>\u00a0<\/td><td><img decoding=\"async\" class=\"alignnone wp-image-4915 size-full\" src=\"https:\/\/crp11.org.br\/wp-content\/uploads\/2025\/03\/Icone.jpg\" alt=\"\" width=\"30\" height=\"28\" \/><\/td><\/tr><tr><td>\u00a0<\/td><td style=\"text-align: justify;\">\u00a0<\/td><td>\u00a0<\/td><td><img decoding=\"async\" class=\"alignnone wp-image-4915 size-full\" src=\"https:\/\/crp11.org.br\/wp-content\/uploads\/2025\/03\/Icone.jpg\" alt=\"\" width=\"30\" height=\"28\" \/><\/td><\/tr><tr><td>\u00a0<\/td><td style=\"text-align: justify;\">\u00a0<\/td><td>\u00a0<\/td><td><img decoding=\"async\" class=\"alignnone wp-image-4915 size-full\" src=\"https:\/\/crp11.org.br\/wp-content\/uploads\/2025\/03\/Icone.jpg\" alt=\"\" width=\"30\" height=\"28\" \/><\/td><\/tr><tr><td>\u00a0<\/td><td style=\"text-align: justify;\">\u00a0<\/td><td>\u00a0<\/td><td><img decoding=\"async\" class=\"alignnone wp-image-4915 size-full\" src=\"https:\/\/crp11.org.br\/wp-content\/uploads\/2025\/03\/Icone.jpg\" alt=\"\" width=\"30\" height=\"28\" \/><\/td><\/tr><tr><td>\u00a0<\/td><td style=\"text-align: justify;\">\u00a0<\/td><td>\u00a0<\/td><td><img decoding=\"async\" class=\"alignnone wp-image-4915 size-full\" src=\"https:\/\/crp11.org.br\/wp-content\/uploads\/2025\/03\/Icone.jpg\" alt=\"\" width=\"30\" height=\"28\" \/><\/td><\/tr><tr><td>\u00a0<\/td><td style=\"text-align: justify;\">\u00a0<\/td><td>\u00a0<\/td><td><img decoding=\"async\" class=\"alignnone wp-image-4915 size-full\" src=\"https:\/\/crp11.org.br\/wp-content\/uploads\/2025\/03\/Icone.jpg\" alt=\"\" width=\"30\" height=\"28\" \/><\/td><\/tr><tr><td>\u00a0<\/td><td style=\"text-align: justify;\">\u00a0<\/td><td>\u00a0<\/td><td><img decoding=\"async\" class=\"alignnone wp-image-4915 size-full\" src=\"https:\/\/crp11.org.br\/wp-content\/uploads\/2025\/03\/Icone.jpg\" alt=\"\" width=\"30\" height=\"28\" \/><\/td><\/tr><tr><td>\u00a0<\/td><td style=\"text-align: justify;\">\u00a0<\/td><td>\u00a0<\/td><td><img decoding=\"async\" class=\"alignnone wp-image-4915 size-full\" src=\"https:\/\/crp11.org.br\/wp-content\/uploads\/2025\/03\/Icone.jpg\" alt=\"\" width=\"30\" height=\"28\" \/><\/td><\/tr><tr><td>\u00a0<\/td><td style=\"text-align: justify;\">\u00a0<\/td><td>\u00a0<\/td><td><img decoding=\"async\" class=\"alignnone wp-image-4915 size-full\" src=\"https:\/\/crp11.org.br\/wp-content\/uploads\/2025\/03\/Icone.jpg\" alt=\"\" width=\"30\" height=\"28\" \/><\/td><\/tr><tr><td>\u00a0<\/td><td style=\"text-align: justify;\">\u00a0<\/td><td>\u00a0<\/td><td><img decoding=\"async\" class=\"alignnone wp-image-4915 size-full\" src=\"https:\/\/crp11.org.br\/wp-content\/uploads\/2025\/03\/Icone.jpg\" alt=\"\" width=\"30\" height=\"28\" \/><\/td><\/tr><tr><td>\u00a0<\/td><td style=\"text-align: justify;\">\u00a0<\/td><td>\u00a0<\/td><td><img decoding=\"async\" class=\"alignnone wp-image-4915 size-full\" src=\"https:\/\/crp11.org.br\/wp-content\/uploads\/2025\/03\/Icone.jpg\" alt=\"\" width=\"30\" height=\"28\" \/><\/td><\/tr><tr><td>\u00a0<\/td><td style=\"text-align: justify;\">\u00a0<\/td><td>\u00a0<\/td><td><img decoding=\"async\" class=\"alignnone wp-image-4915 size-full\" src=\"https:\/\/crp11.org.br\/wp-content\/uploads\/2025\/03\/Icone.jpg\" alt=\"\" width=\"30\" height=\"28\" \/><\/td><\/tr><tr><td>\u00a0<\/td><td style=\"text-align: justify;\">\u00a0<\/td><td>\u00a0<\/td><td><img decoding=\"async\" class=\"alignnone wp-image-4915 size-full\" src=\"https:\/\/crp11.org.br\/wp-content\/uploads\/2025\/03\/Icone.jpg\" alt=\"\" width=\"30\" height=\"28\" \/><\/td><\/tr><tr><td>\u00a0<\/td><td style=\"text-align: justify;\">\u00a0<\/td><td>\u00a0<\/td><td><img decoding=\"async\" class=\"alignnone wp-image-4915 size-full\" src=\"https:\/\/crp11.org.br\/wp-content\/uploads\/2025\/03\/Icone.jpg\" alt=\"\" width=\"30\" height=\"28\" \/><\/td><\/tr><tr><td>\u00a0<\/td><td style=\"text-align: justify;\">\u00a0<\/td><td>\u00a0<\/td><td><img decoding=\"async\" class=\"alignnone wp-image-4915 size-full\" src=\"https:\/\/crp11.org.br\/wp-content\/uploads\/2025\/03\/Icone.jpg\" alt=\"\" width=\"30\" height=\"28\" \/><\/td><\/tr><tr><td>\u00a0<\/td><td style=\"text-align: justify;\">\u00a0<\/td><td>\u00a0<\/td><td><img decoding=\"async\" class=\"alignnone wp-image-4915 size-full\" src=\"https:\/\/crp11.org.br\/wp-content\/uploads\/2025\/03\/Icone.jpg\" alt=\"\" width=\"30\" height=\"28\" \/><\/td><\/tr><tr><td>\u00a0<\/td><td style=\"text-align: justify;\">\u00a0<\/td><td>\u00a0<\/td><td><img decoding=\"async\" class=\"alignnone wp-image-4915 size-full\" src=\"https:\/\/crp11.org.br\/wp-content\/uploads\/2025\/03\/Icone.jpg\" alt=\"\" width=\"30\" height=\"28\" \/><\/td><\/tr><tr><td>\u00a0<\/td><td style=\"text-align: justify;\">\u00a0<\/td><td>\u00a0<\/td><td><img decoding=\"async\" class=\"alignnone wp-image-4915 size-full\" src=\"https:\/\/crp11.org.br\/wp-content\/uploads\/2025\/03\/Icone.jpg\" alt=\"\" width=\"30\" height=\"28\" \/><\/td><\/tr><tr><td>\u00a0<\/td><td style=\"text-align: justify;\">\u00a0<\/td><td>\u00a0<\/td><td><img decoding=\"async\" class=\"alignnone wp-image-4915 size-full\" src=\"https:\/\/crp11.org.br\/wp-content\/uploads\/2025\/03\/Icone.jpg\" alt=\"\" width=\"30\" height=\"28\" \/><\/td><\/tr><tr><td>\u00a0<\/td><td style=\"text-align: justify;\">\u00a0<\/td><td>\u00a0<\/td><td><img decoding=\"async\" class=\"alignnone wp-image-4915 size-full\" src=\"https:\/\/crp11.org.br\/wp-content\/uploads\/2025\/03\/Icone.jpg\" alt=\"\" width=\"30\" height=\"28\" \/><\/td><\/tr><tr><td>\u00a0<\/td><td style=\"text-align: justify;\">\u00a0<\/td><td>\u00a0<\/td><td><img decoding=\"async\" class=\"alignnone wp-image-4915 size-full\" src=\"https:\/\/crp11.org.br\/wp-content\/uploads\/2025\/03\/Icone.jpg\" alt=\"\" width=\"30\" height=\"28\" \/><\/td><\/tr><tr><td>\u00a0<\/td><td style=\"text-align: justify;\">\u00a0<\/td><td>\u00a0<\/td><td><img decoding=\"async\" class=\"alignnone wp-image-4915 size-full\" src=\"https:\/\/crp11.org.br\/wp-content\/uploads\/2025\/03\/Icone.jpg\" alt=\"\" width=\"30\" height=\"28\" \/><\/td><\/tr><tr><td>\u00a0<\/td><td style=\"text-align: justify;\">\u00a0<\/td><td>\u00a0<\/td><td><img decoding=\"async\" class=\"alignnone wp-image-4915 size-full\" src=\"https:\/\/crp11.org.br\/wp-content\/uploads\/2025\/03\/Icone.jpg\" alt=\"\" width=\"30\" height=\"28\" \/><\/td><\/tr><tr><td>\u00a0<\/td><td style=\"text-align: justify;\">\u00a0<\/td><td>\u00a0<\/td><td><img decoding=\"async\" class=\"alignnone wp-image-4915 size-full\" src=\"https:\/\/crp11.org.br\/wp-content\/uploads\/2025\/03\/Icone.jpg\" alt=\"\" width=\"30\" height=\"28\" \/><\/td><\/tr><tr><td>\u00a0<\/td><td style=\"text-align: justify;\">\u00a0<\/td><td>\u00a0<\/td><td><img decoding=\"async\" class=\"alignnone wp-image-4915 size-full\" src=\"https:\/\/crp11.org.br\/wp-content\/uploads\/2025\/03\/Icone.jpg\" alt=\"\" width=\"30\" height=\"28\" \/><\/td><\/tr><tr><td>\u00a0<\/td><td style=\"text-align: justify;\">\u00a0<\/td><td>\u00a0<\/td><td><img decoding=\"async\" class=\"alignnone wp-image-4915 size-full\" src=\"https:\/\/crp11.org.br\/wp-content\/uploads\/2025\/03\/Icone.jpg\" alt=\"\" width=\"30\" height=\"28\" \/><\/td><\/tr><tr><td>\u00a0<\/td><td style=\"text-align: justify;\">\u00a0<\/td><td>\u00a0<\/td><td><img decoding=\"async\" class=\"alignnone wp-image-4915 size-full\" src=\"https:\/\/crp11.org.br\/wp-content\/uploads\/2025\/03\/Icone.jpg\" alt=\"\" width=\"30\" height=\"28\" \/><\/td><\/tr><tr><td>\u00a0<\/td><td style=\"text-align: justify;\">\u00a0<\/td><td>\u00a0<\/td><td><img decoding=\"async\" class=\"alignnone wp-image-4915 size-full\" src=\"https:\/\/crp11.org.br\/wp-content\/uploads\/2025\/03\/Icone.jpg\" alt=\"\" width=\"30\" height=\"28\" \/><\/td><\/tr><tr><td>\u00a0<\/td><td style=\"text-align: justify;\">\u00a0<\/td><td>\u00a0<\/td><td><img decoding=\"async\" class=\"alignnone wp-image-4915 size-full\" src=\"https:\/\/crp11.org.br\/wp-content\/uploads\/2025\/03\/Icone.jpg\" alt=\"\" width=\"30\" height=\"28\" \/><\/td><\/tr><tr><td>\u00a0<\/td><td style=\"text-align: justify;\">\u00a0<\/td><td>\u00a0<\/td><td><img decoding=\"async\" class=\"alignnone wp-image-4915 size-full\" src=\"https:\/\/crp11.org.br\/wp-content\/uploads\/2025\/03\/Icone.jpg\" alt=\"\" width=\"30\" height=\"28\" \/><\/td><\/tr><tr><td>\u00a0<\/td><td style=\"text-align: justify;\">\u00a0<\/td><td>\u00a0<\/td><td><img decoding=\"async\" class=\"alignnone wp-image-4915 size-full\" src=\"https:\/\/crp11.org.br\/wp-content\/uploads\/2025\/03\/Icone.jpg\" alt=\"\" width=\"30\" height=\"28\" \/><\/td><\/tr><tr><td>\u00a0<\/td><td style=\"text-align: justify;\">\u00a0<\/td><td>\u00a0<\/td><td><img decoding=\"async\" class=\"alignnone wp-image-4915 size-full\" src=\"https:\/\/crp11.org.br\/wp-content\/uploads\/2025\/03\/Icone.jpg\" alt=\"\" width=\"30\" height=\"28\" \/><\/td><\/tr><tr><td>\u00a0<\/td><td style=\"text-align: justify;\">\u00a0<\/td><td>\u00a0<\/td><td><img decoding=\"async\" class=\"alignnone wp-image-4915 size-full\" src=\"https:\/\/crp11.org.br\/wp-content\/uploads\/2025\/03\/Icone.jpg\" alt=\"\" width=\"30\" height=\"28\" \/><\/td><\/tr><tr><td>\u00a0<\/td><td style=\"text-align: justify;\">\u00a0<\/td><td>\u00a0<\/td><td><img decoding=\"async\" class=\"alignnone wp-image-4915 size-full\" src=\"https:\/\/crp11.org.br\/wp-content\/uploads\/2025\/03\/Icone.jpg\" alt=\"\" width=\"30\" height=\"28\" \/><\/td><\/tr><tr><td>\u00a0<\/td><td style=\"text-align: justify;\">\u00a0<\/td><td>\u00a0<\/td><td><img decoding=\"async\" class=\"alignnone wp-image-4915 size-full\" src=\"https:\/\/crp11.org.br\/wp-content\/uploads\/2025\/03\/Icone.jpg\" alt=\"\" width=\"30\" height=\"28\" \/><\/td><\/tr><tr><td>\u00a0<\/td><td style=\"text-align: justify;\">\u00a0<\/td><td>\u00a0<\/td><td><img decoding=\"async\" class=\"alignnone wp-image-4915 size-full\" src=\"https:\/\/crp11.org.br\/wp-content\/uploads\/2025\/03\/Icone.jpg\" alt=\"\" width=\"30\" height=\"28\" \/><\/td><\/tr><tr><td>\u00a0<\/td><td style=\"text-align: justify;\">\u00a0<\/td><td>\u00a0<\/td><td><img decoding=\"async\" class=\"alignnone wp-image-4915 size-full\" src=\"https:\/\/crp11.org.br\/wp-content\/uploads\/2025\/03\/Icone.jpg\" alt=\"\" width=\"30\" height=\"28\" \/><\/td><\/tr><tr><td>\u00a0<\/td><td style=\"text-align: justify;\">\u00a0<\/td><td>\u00a0<\/td><td><img decoding=\"async\" class=\"alignnone wp-image-4915 size-full\" src=\"https:\/\/crp11.org.br\/wp-content\/uploads\/2025\/03\/Icone.jpg\" alt=\"\" width=\"30\" height=\"28\" \/><\/td><\/tr><tr><td>\u00a0<\/td><td style=\"text-align: justify;\">\u00a0<\/td><td>\u00a0<\/td><td><img decoding=\"async\" class=\"alignnone wp-image-4915 size-full\" src=\"https:\/\/crp11.org.br\/wp-content\/uploads\/2025\/03\/Icone.jpg\" alt=\"\" width=\"30\" height=\"28\" \/><\/td><\/tr><tr><td>\u00a0<\/td><td style=\"text-align: justify;\">\u00a0<\/td><td>\u00a0<\/td><td><img decoding=\"async\" class=\"alignnone wp-image-4915 size-full\" src=\"https:\/\/crp11.org.br\/wp-content\/uploads\/2025\/03\/Icone.jpg\" alt=\"\" width=\"30\" height=\"28\" \/><\/td><\/tr><tr><td>\u00a0<\/td><td style=\"text-align: justify;\">\u00a0<\/td><td>\u00a0<\/td><td><img decoding=\"async\" class=\"alignnone wp-image-4915 size-full\" src=\"https:\/\/crp11.org.br\/wp-content\/uploads\/2025\/03\/Icone.jpg\" alt=\"\" width=\"30\" height=\"28\" \/><\/td><\/tr><tr><td>\u00a0<\/td><td style=\"text-align: justify;\">\u00a0<\/td><td>\u00a0<\/td><td><img decoding=\"async\" class=\"alignnone wp-image-4915 size-full\" src=\"https:\/\/crp11.org.br\/wp-content\/uploads\/2025\/03\/Icone.jpg\" alt=\"\" width=\"30\" height=\"28\" \/><\/td><\/tr><tr><td>\u00a0<\/td><td style=\"text-align: justify;\">\u00a0<\/td><td>\u00a0<\/td><td><img decoding=\"async\" class=\"alignnone wp-image-4915 size-full\" src=\"https:\/\/crp11.org.br\/wp-content\/uploads\/2025\/03\/Icone.jpg\" alt=\"\" width=\"30\" height=\"28\" \/><\/td><\/tr><tr><td>\u00a0<\/td><td style=\"text-align: justify;\">\u00a0<\/td><td>\u00a0<\/td><td><img decoding=\"async\" class=\"alignnone wp-image-4915 size-full\" src=\"https:\/\/crp11.org.br\/wp-content\/uploads\/2025\/03\/Icone.jpg\" alt=\"\" width=\"30\" height=\"28\" \/><\/td><\/tr><tr><td>\u00a0<\/td><td style=\"text-align: justify;\">\u00a0<\/td><td>\u00a0<\/td><td><img decoding=\"async\" class=\"alignnone wp-image-4915 size-full\" src=\"https:\/\/crp11.org.br\/wp-content\/uploads\/2025\/03\/Icone.jpg\" alt=\"\" width=\"30\" height=\"28\" \/><\/td><\/tr><tr><td>\u00a0<\/td><td style=\"text-align: justify;\">\u00a0<\/td><td>\u00a0<\/td><td><img decoding=\"async\" class=\"alignnone wp-image-4915 size-full\" src=\"https:\/\/crp11.org.br\/wp-content\/uploads\/2025\/03\/Icone.jpg\" alt=\"\" width=\"30\" height=\"28\" \/><\/td><\/tr><tr><td>\u00a0<\/td><td style=\"text-align: justify;\">\u00a0<\/td><td>\u00a0<\/td><td><img decoding=\"async\" class=\"alignnone wp-image-4915 size-full\" src=\"https:\/\/crp11.org.br\/wp-content\/uploads\/2025\/03\/Icone.jpg\" alt=\"\" width=\"30\" height=\"28\" \/><\/td><\/tr><\/tbody><\/table>\t\t\t\t\t\t\t\t<\/div>\n\t\t\t\t<\/div>\n\t\t\t\t\t<\/div>\n\t\t\t\t<\/div>\n\t\t\t\t<\/div>\n\t\t","protected":false},"excerpt":{"rendered":"<p>\u00daltimas Dispensas N\u00b0 da Dispensa Objeto: Situa\u00e7\u00e3o: Mais \u00a001\/2026 \u00a0Contrata\u00e7\u00e3o de\u00a0servi\u00e7o de receptivo (coffee break) personalizado, n\u00e3o cont\u00ednuo, de fornecimento de coffee break, nos termos da tabela abaixo, conforme condi\u00e7\u00f5es [&hellip;]<\/p>\n","protected":false},"author":6,"featured_media":0,"parent":0,"menu_order":0,"comment_status":"closed","ping_status":"open","template":"elementor_header_footer","meta":{"footnotes":""},"class_list":["post-5964","page","type-page","status-publish","hentry"],"_links":{"self":[{"href":"https:\/\/crp11.org.br\/index.php?rest_route=\/wp\/v2\/pages\/5964","targetHints":{"allow":["GET"]}}],"collection":[{"href":"https:\/\/crp11.org.br\/index.php?rest_route=\/wp\/v2\/pages"}],"about":[{"href":"https:\/\/crp11.org.br\/index.php?rest_route=\/wp\/v2\/types\/page"}],"author":[{"embeddable":true,"href":"https:\/\/crp11.org.br\/index.php?rest_route=\/wp\/v2\/users\/6"}],"replies":[{"embeddable":true,"href":"https:\/\/crp11.org.br\/index.php?rest_route=%2Fwp%2Fv2%2Fcomments&post=5964"}],"version-history":[{"count":25,"href":"https:\/\/crp11.org.br\/index.php?rest_route=\/wp\/v2\/pages\/5964\/revisions"}],"predecessor-version":[{"id":6078,"href":"https:\/\/crp11.org.br\/index.php?rest_route=\/wp\/v2\/pages\/5964\/revisions\/6078"}],"wp:attachment":[{"href":"https:\/\/crp11.org.br\/index.php?rest_route=%2Fwp%2Fv2%2Fmedia&parent=5964"}],"curies":[{"name":"wp","href":"https:\/\/api.w.org\/{rel}","templated":true}]}}