{"id":5971,"date":"2026-02-10T14:46:22","date_gmt":"2026-02-10T17:46:22","guid":{"rendered":"https:\/\/crp11.org.br\/?page_id=5971"},"modified":"2026-04-23T09:31:56","modified_gmt":"2026-04-23T12:31:56","slug":"licitacao-pagina-inicial-2026","status":"publish","type":"page","link":"https:\/\/crp11.org.br\/?page_id=5971","title":{"rendered":"Licita\u00e7\u00e3o Pagina Inicial &#8211; 2026"},"content":{"rendered":"\t\t<div data-elementor-type=\"wp-post\" data-elementor-id=\"5971\" class=\"elementor elementor-5971\" data-elementor-post-type=\"page\">\n\t\t\t\t<div class=\"elementor-element elementor-element-9a0888e e-con-full e-flex e-con e-parent\" data-id=\"9a0888e\" data-element_type=\"container\">\n\t\t\t\t<div class=\"elementor-element elementor-element-aa41e6d elementor-widget__width-inherit elementor-widget elementor-widget-text-editor\" data-id=\"aa41e6d\" data-element_type=\"widget\" data-widget_type=\"text-editor.default\">\n\t\t\t\t<div class=\"elementor-widget-container\">\n\t\t\t\t\t\t\t\t\t<p>Ultimas Licita\u00e7\u00f5es<\/p><table><tbody><tr><td width=\"142\"><p>Modalidade<\/p><p>Numero da Licita\u00e7\u00e3o<\/p><\/td><td width=\"142\"><p>Publica\u00e7\u00e3o:<\/p><p>Objeto:<\/p><\/td><td width=\"142\"><p>Situa\u00e7\u00e3o:<\/p><p>Data de Abertura:<\/p><\/td><td width=\"58\">Mais<\/td><\/tr><tr><td width=\"142\">001\/2026 &#8211;\u00a0 PREG\u00c3O, na forma ELETR\u00d4NICA<\/td><td width=\"142\">Publica\u00e7\u00e3o 23\/04\/2026<br \/>O objeto da presente licita\u00e7\u00e3o \u00e9 a contrata\u00e7\u00e3o de empresa especializada<br \/>na presta\u00e7\u00e3o de servi\u00e7os de assessoria de comunica\u00e7\u00e3o e imprensa institucional<br \/>para o Conselho Regional de Psicologia da 11\u00aa Regi\u00e3o \u2013 CRP-11, compreendendo o<br \/>planejamento e execu\u00e7\u00e3o de a\u00e7\u00f5es de divulga\u00e7\u00e3o, produ\u00e7\u00e3o de conte\u00fado para<br \/>m\u00eddias digitais e impressas&#8230;<\/td><td width=\"142\"><p><strong>ABERTA<\/strong><\/p><p><strong>23\/04\/2026<\/strong><\/p><\/td><td width=\"58\"><a href=\"https:\/\/crp11.org.br\/?page_id=6063\"><img decoding=\"async\" class=\"alignnone wp-image-4915 size-full\" src=\"https:\/\/crp11.org.br\/wp-content\/uploads\/2025\/03\/Icone.jpg\" alt=\"\" width=\"30\" height=\"28\" \/><\/a><\/td><\/tr><\/tbody><\/table>\t\t\t\t\t\t\t\t<\/div>\n\t\t\t\t<\/div>\n\t\t\t\t<\/div>\n\t\t\t\t<\/div>\n\t\t","protected":false},"excerpt":{"rendered":"<p>Ultimas Licita\u00e7\u00f5es Modalidade Numero da Licita\u00e7\u00e3o Publica\u00e7\u00e3o: Objeto: Situa\u00e7\u00e3o: Data de Abertura: Mais 001\/2026 &#8211;\u00a0 PREG\u00c3O, na forma ELETR\u00d4NICA Publica\u00e7\u00e3o 23\/04\/2026O objeto da presente licita\u00e7\u00e3o \u00e9 a contrata\u00e7\u00e3o de empresa [&hellip;]<\/p>\n","protected":false},"author":6,"featured_media":0,"parent":0,"menu_order":0,"comment_status":"closed","ping_status":"open","template":"elementor_header_footer","meta":{"footnotes":""},"class_list":["post-5971","page","type-page","status-publish","hentry"],"_links":{"self":[{"href":"https:\/\/crp11.org.br\/index.php?rest_route=\/wp\/v2\/pages\/5971","targetHints":{"allow":["GET"]}}],"collection":[{"href":"https:\/\/crp11.org.br\/index.php?rest_route=\/wp\/v2\/pages"}],"about":[{"href":"https:\/\/crp11.org.br\/index.php?rest_route=\/wp\/v2\/types\/page"}],"author":[{"embeddable":true,"href":"https:\/\/crp11.org.br\/index.php?rest_route=\/wp\/v2\/users\/6"}],"replies":[{"embeddable":true,"href":"https:\/\/crp11.org.br\/index.php?rest_route=%2Fwp%2Fv2%2Fcomments&post=5971"}],"version-history":[{"count":7,"href":"https:\/\/crp11.org.br\/index.php?rest_route=\/wp\/v2\/pages\/5971\/revisions"}],"predecessor-version":[{"id":6075,"href":"https:\/\/crp11.org.br\/index.php?rest_route=\/wp\/v2\/pages\/5971\/revisions\/6075"}],"wp:attachment":[{"href":"https:\/\/crp11.org.br\/index.php?rest_route=%2Fwp%2Fv2%2Fmedia&parent=5971"}],"curies":[{"name":"wp","href":"https:\/\/api.w.org\/{rel}","templated":true}]}}